{"id":27543,"date":"2025-11-24T16:30:40","date_gmt":"2025-11-24T15:30:40","guid":{"rendered":"https:\/\/stampcurio.com\/product\/1914-magyarorszag-tcv-kepeslap-tuneziaba-kuldve\/"},"modified":"2026-01-05T15:04:47","modified_gmt":"2026-01-05T14:04:47","slug":"1914-magyarorszag-tcv-kepeslap-budapest-orszaghaz-tuneziaba-kuldve","status":"publish","type":"product","link":"https:\/\/stampcurio.com\/hu\/termek\/1914-magyarorszag-tcv-kepeslap-budapest-orszaghaz-tuneziaba-kuldve\/","title":{"rendered":"1914 Magyarorsz\u00e1g &#8211; TCV k\u00e9peslap &#8211; Budapest Orsz\u00e1gh\u00e1z &#8211; Tun\u00e9zi\u00e1ba k\u00fcldve"},"content":{"rendered":"","protected":false},"excerpt":{"rendered":"","protected":false},"featured_media":29384,"template":"","meta":[],"product_brand":[],"product_cat":[1172],"product_tag":[1669,97,467,89,1299,1006],"class_list":{"0":"post-27543","1":"product","2":"type-product","3":"status-publish","4":"has-post-thumbnail","6":"product_cat-magyarorszag","7":"product_tag-3rd-auction","8":"product_tag-kepeslap","9":"product_tag-orszaghaz","10":"product_tag-postatortenet","11":"product_tag-tcv","12":"product_tag-unsold","14":"first","15":"instock","16":"sold-individually","17":"shipping-taxable","18":"purchasable","19":"product-type-simple"},"_links":{"self":[{"href":"https:\/\/stampcurio.com\/hu\/wp-json\/wp\/v2\/product\/27543","targetHints":{"allow":["GET"]}}],"collection":[{"href":"https:\/\/stampcurio.com\/hu\/wp-json\/wp\/v2\/product"}],"about":[{"href":"https:\/\/stampcurio.com\/hu\/wp-json\/wp\/v2\/types\/product"}],"wp:featuredmedia":[{"embeddable":true,"href":"https:\/\/stampcurio.com\/hu\/wp-json\/wp\/v2\/media\/29384"}],"wp:attachment":[{"href":"https:\/\/stampcurio.com\/hu\/wp-json\/wp\/v2\/media?parent=27543"}],"wp:term":[{"taxonomy":"product_brand","embeddable":true,"href":"https:\/\/stampcurio.com\/hu\/wp-json\/wp\/v2\/product_brand?post=27543"},{"taxonomy":"product_cat","embeddable":true,"href":"https:\/\/stampcurio.com\/hu\/wp-json\/wp\/v2\/product_cat?post=27543"},{"taxonomy":"product_tag","embeddable":true,"href":"https:\/\/stampcurio.com\/hu\/wp-json\/wp\/v2\/product_tag?post=27543"}],"curies":[{"name":"wp","href":"https:\/\/api.w.org\/{rel}","templated":true}]}}