{"id":27542,"date":"2025-11-24T16:30:39","date_gmt":"2025-11-24T15:30:39","guid":{"rendered":"https:\/\/stampcurio.com\/product\/1906-magyarorszag-tcv-kepeslap-szabadkarol-okandhaalba-nemet-del-nyugat-afrika-kuldve\/"},"modified":"2026-01-05T15:04:48","modified_gmt":"2026-01-05T14:04:48","slug":"1906-magyarorszag-tcv-kepeslap-szabadkarol-okandhaalba-nemet-del-nyugat-afrika-kuldve","status":"publish","type":"product","link":"https:\/\/stampcurio.com\/hu\/termek\/1906-magyarorszag-tcv-kepeslap-szabadkarol-okandhaalba-nemet-del-nyugat-afrika-kuldve\/","title":{"rendered":"1906 Magyarorsz\u00e1g &#8211; TCV k\u00e9peslap Szabadk\u00e1r\u00f3l Okandhaalba (N\u00e9met-D\u00e9l-Nyugat-Afrika) k\u00fcldve"},"content":{"rendered":"","protected":false},"excerpt":{"rendered":"<p>Rendk\u00edv\u00fcli destin\u00e1ci\u00f3.<\/p>\n","protected":false},"featured_media":29359,"template":"","meta":[],"product_brand":[],"product_cat":[1172,1693,1175,1245],"product_tag":[1669,97,176,89,1299,1006],"class_list":{"0":"post-27542","1":"product","2":"type-product","3":"status-publish","4":"has-post-thumbnail","6":"product_cat-magyarorszag","7":"product_cat-nemet-del-nyugat-afrika","8":"product_cat-nemetorszag","9":"product_cat-szerbia","10":"product_tag-3rd-auction","11":"product_tag-kepeslap","12":"product_tag-philagem","13":"product_tag-postatortenet","14":"product_tag-tcv","15":"product_tag-unsold","17":"first","18":"instock","19":"sold-individually","20":"shipping-taxable","21":"purchasable","22":"product-type-simple"},"_links":{"self":[{"href":"https:\/\/stampcurio.com\/hu\/wp-json\/wp\/v2\/product\/27542","targetHints":{"allow":["GET"]}}],"collection":[{"href":"https:\/\/stampcurio.com\/hu\/wp-json\/wp\/v2\/product"}],"about":[{"href":"https:\/\/stampcurio.com\/hu\/wp-json\/wp\/v2\/types\/product"}],"wp:featuredmedia":[{"embeddable":true,"href":"https:\/\/stampcurio.com\/hu\/wp-json\/wp\/v2\/media\/29359"}],"wp:attachment":[{"href":"https:\/\/stampcurio.com\/hu\/wp-json\/wp\/v2\/media?parent=27542"}],"wp:term":[{"taxonomy":"product_brand","embeddable":true,"href":"https:\/\/stampcurio.com\/hu\/wp-json\/wp\/v2\/product_brand?post=27542"},{"taxonomy":"product_cat","embeddable":true,"href":"https:\/\/stampcurio.com\/hu\/wp-json\/wp\/v2\/product_cat?post=27542"},{"taxonomy":"product_tag","embeddable":true,"href":"https:\/\/stampcurio.com\/hu\/wp-json\/wp\/v2\/product_tag?post=27542"}],"curies":[{"name":"wp","href":"https:\/\/api.w.org\/{rel}","templated":true}]}}