{"id":27541,"date":"2025-11-24T16:30:39","date_gmt":"2025-11-24T15:30:39","guid":{"rendered":"https:\/\/stampcurio.com\/product\/1911-magyarorszag-pozsony-tcv-kepeslap-nyomtatvanykent-uj-zelandra-kuldve\/"},"modified":"2026-01-05T15:04:47","modified_gmt":"2026-01-05T14:04:47","slug":"1911-magyarorszag-tcv-kepeslap-pozsony-nyomtatvanykent-uj-zelandra-kuldve","status":"publish","type":"product","link":"https:\/\/stampcurio.com\/hu\/termek\/1911-magyarorszag-tcv-kepeslap-pozsony-nyomtatvanykent-uj-zelandra-kuldve\/","title":{"rendered":"1911 Magyarorsz\u00e1g &#8211; TCV k\u00e9peslap &#8211; Pozsony &#8211; nyomtatv\u00e1nyk\u00e9nt \u00daj-Z\u00e9landra k\u00fcldve"},"content":{"rendered":"","protected":false},"excerpt":{"rendered":"","protected":false},"featured_media":29390,"template":"","meta":[],"product_brand":[],"product_cat":[1172,1189,1243],"product_tag":[1669,97,89,1299,1006],"class_list":{"0":"post-27541","1":"product","2":"type-product","3":"status-publish","4":"has-post-thumbnail","6":"product_cat-magyarorszag","7":"product_cat-szlovakia","8":"product_cat-uj-zeland","9":"product_tag-3rd-auction","10":"product_tag-kepeslap","11":"product_tag-postatortenet","12":"product_tag-tcv","13":"product_tag-unsold","15":"first","16":"instock","17":"sold-individually","18":"shipping-taxable","19":"purchasable","20":"product-type-simple"},"_links":{"self":[{"href":"https:\/\/stampcurio.com\/hu\/wp-json\/wp\/v2\/product\/27541","targetHints":{"allow":["GET"]}}],"collection":[{"href":"https:\/\/stampcurio.com\/hu\/wp-json\/wp\/v2\/product"}],"about":[{"href":"https:\/\/stampcurio.com\/hu\/wp-json\/wp\/v2\/types\/product"}],"wp:featuredmedia":[{"embeddable":true,"href":"https:\/\/stampcurio.com\/hu\/wp-json\/wp\/v2\/media\/29390"}],"wp:attachment":[{"href":"https:\/\/stampcurio.com\/hu\/wp-json\/wp\/v2\/media?parent=27541"}],"wp:term":[{"taxonomy":"product_brand","embeddable":true,"href":"https:\/\/stampcurio.com\/hu\/wp-json\/wp\/v2\/product_brand?post=27541"},{"taxonomy":"product_cat","embeddable":true,"href":"https:\/\/stampcurio.com\/hu\/wp-json\/wp\/v2\/product_cat?post=27541"},{"taxonomy":"product_tag","embeddable":true,"href":"https:\/\/stampcurio.com\/hu\/wp-json\/wp\/v2\/product_tag?post=27541"}],"curies":[{"name":"wp","href":"https:\/\/api.w.org\/{rel}","templated":true}]}}