{"id":27540,"date":"2025-11-24T16:30:38","date_gmt":"2025-11-24T15:30:38","guid":{"rendered":"https:\/\/stampcurio.com\/product\/1912-magyarorszag-tcv-kepeslap-nyomtatvanykent-ausztraliaba-tasmaniaba-kuldve\/"},"modified":"2026-01-05T15:04:48","modified_gmt":"2026-01-05T14:04:48","slug":"1912-magyarorszag-tcv-kepeslap-nyomtatvanykent-ausztraliaba-tasmaniaba-kuldve","status":"publish","type":"product","link":"https:\/\/stampcurio.com\/hu\/termek\/1912-magyarorszag-tcv-kepeslap-nyomtatvanykent-ausztraliaba-tasmaniaba-kuldve\/","title":{"rendered":"1912 Magyarorsz\u00e1g &#8211; TCV k\u00e9peslap nyomtatv\u00e1nyk\u00e9nt Ausztr\u00e1li\u00e1ba, Tasm\u00e1ni\u00e1ba k\u00fcldve"},"content":{"rendered":"","protected":false},"excerpt":{"rendered":"","protected":false},"featured_media":29344,"template":"","meta":[],"product_brand":[],"product_cat":[1218,1172],"product_tag":[1669,97,467,89,1299,1006],"class_list":{"0":"post-27540","1":"product","2":"type-product","3":"status-publish","4":"has-post-thumbnail","6":"product_cat-ausztralia","7":"product_cat-magyarorszag","8":"product_tag-3rd-auction","9":"product_tag-kepeslap","10":"product_tag-orszaghaz","11":"product_tag-postatortenet","12":"product_tag-tcv","13":"product_tag-unsold","15":"first","16":"instock","17":"sold-individually","18":"shipping-taxable","19":"purchasable","20":"product-type-simple"},"_links":{"self":[{"href":"https:\/\/stampcurio.com\/hu\/wp-json\/wp\/v2\/product\/27540","targetHints":{"allow":["GET"]}}],"collection":[{"href":"https:\/\/stampcurio.com\/hu\/wp-json\/wp\/v2\/product"}],"about":[{"href":"https:\/\/stampcurio.com\/hu\/wp-json\/wp\/v2\/types\/product"}],"wp:featuredmedia":[{"embeddable":true,"href":"https:\/\/stampcurio.com\/hu\/wp-json\/wp\/v2\/media\/29344"}],"wp:attachment":[{"href":"https:\/\/stampcurio.com\/hu\/wp-json\/wp\/v2\/media?parent=27540"}],"wp:term":[{"taxonomy":"product_brand","embeddable":true,"href":"https:\/\/stampcurio.com\/hu\/wp-json\/wp\/v2\/product_brand?post=27540"},{"taxonomy":"product_cat","embeddable":true,"href":"https:\/\/stampcurio.com\/hu\/wp-json\/wp\/v2\/product_cat?post=27540"},{"taxonomy":"product_tag","embeddable":true,"href":"https:\/\/stampcurio.com\/hu\/wp-json\/wp\/v2\/product_tag?post=27540"}],"curies":[{"name":"wp","href":"https:\/\/api.w.org\/{rel}","templated":true}]}}