{"id":27538,"date":"2025-11-24T16:30:37","date_gmt":"2025-11-24T15:30:37","guid":{"rendered":"https:\/\/stampcurio.com\/product\/1897-magyarorszag-nyomtatvany-boritek-az-amerikai-egyesult-allamokba-kuldve-sahj-perfinnel-saxlehner-ceg-perfinje-via-bermen-haven-belyegzovel\/"},"modified":"2026-01-05T15:04:49","modified_gmt":"2026-01-05T14:04:49","slug":"1897-magyarorszag-nyomtatvany-boritek-az-amerikai-egyesult-allamokba-kuldve-s-a-h-j-perfinnel-saxlehner-ceg-via-bermenhaven-belyegzovel","status":"publish","type":"product","link":"https:\/\/stampcurio.com\/hu\/termek\/1897-magyarorszag-nyomtatvany-boritek-az-amerikai-egyesult-allamokba-kuldve-s-a-h-j-perfinnel-saxlehner-ceg-via-bermenhaven-belyegzovel\/","title":{"rendered":"1897 Magyarorsz\u00e1g &#8211; Nyomtatv\u00e1ny bor\u00edt\u00e9k az Amerikai Egyes\u00fclt \u00c1llamokba k\u00fcldve S.A. \/ H.J. perfinnel (Saxlehner c\u00e9g), \u201evia Bermenhaven\u201d b\u00e9lyegz\u0151vel"},"content":{"rendered":"","protected":false},"excerpt":{"rendered":"<p>Tarifahelyes, els\u0151 s\u00faly\u00fa nyomtatv\u00e1ny.<\/p>\n","protected":false},"featured_media":29336,"template":"","meta":[],"product_brand":[],"product_cat":[1204,1172,1175],"product_tag":[1669,116,230,89,1006],"class_list":{"0":"post-27538","1":"product","2":"type-product","3":"status-publish","4":"has-post-thumbnail","6":"product_cat-amerikai-egyesult-allamok","7":"product_cat-magyarorszag","8":"product_cat-nemetorszag","9":"product_tag-3rd-auction","10":"product_tag-belyeg","11":"product_tag-perfin","12":"product_tag-postatortenet","13":"product_tag-unsold","15":"first","16":"instock","17":"sold-individually","18":"shipping-taxable","19":"purchasable","20":"product-type-simple"},"_links":{"self":[{"href":"https:\/\/stampcurio.com\/hu\/wp-json\/wp\/v2\/product\/27538","targetHints":{"allow":["GET"]}}],"collection":[{"href":"https:\/\/stampcurio.com\/hu\/wp-json\/wp\/v2\/product"}],"about":[{"href":"https:\/\/stampcurio.com\/hu\/wp-json\/wp\/v2\/types\/product"}],"wp:featuredmedia":[{"embeddable":true,"href":"https:\/\/stampcurio.com\/hu\/wp-json\/wp\/v2\/media\/29336"}],"wp:attachment":[{"href":"https:\/\/stampcurio.com\/hu\/wp-json\/wp\/v2\/media?parent=27538"}],"wp:term":[{"taxonomy":"product_brand","embeddable":true,"href":"https:\/\/stampcurio.com\/hu\/wp-json\/wp\/v2\/product_brand?post=27538"},{"taxonomy":"product_cat","embeddable":true,"href":"https:\/\/stampcurio.com\/hu\/wp-json\/wp\/v2\/product_cat?post=27538"},{"taxonomy":"product_tag","embeddable":true,"href":"https:\/\/stampcurio.com\/hu\/wp-json\/wp\/v2\/product_tag?post=27538"}],"curies":[{"name":"wp","href":"https:\/\/api.w.org\/{rel}","templated":true}]}}