{"id":27537,"date":"2025-11-24T16:30:37","date_gmt":"2025-11-24T15:30:37","guid":{"rendered":"https:\/\/stampcurio.com\/product\/1899-magyarorszag-kepes-levelezolap-finnorszagba-kuldve\/"},"modified":"2026-01-05T15:04:49","modified_gmt":"2026-01-05T14:04:49","slug":"1899-magyarorszag-kepes-levelezolap-finnorszagba-kuldve","status":"publish","type":"product","link":"https:\/\/stampcurio.com\/hu\/termek\/1899-magyarorszag-kepes-levelezolap-finnorszagba-kuldve\/","title":{"rendered":"1899 Magyarorsz\u00e1g &#8211; K\u00e9pes levelez\u0151lap finnorsz\u00e1gba k\u00fcldve"},"content":{"rendered":"","protected":false},"excerpt":{"rendered":"","protected":false},"featured_media":29377,"template":"","meta":[],"product_brand":[],"product_cat":[1219,1172],"product_tag":[1669,97,89,1006],"class_list":{"0":"post-27537","1":"product","2":"type-product","3":"status-publish","4":"has-post-thumbnail","6":"product_cat-finnorszag","7":"product_cat-magyarorszag","8":"product_tag-3rd-auction","9":"product_tag-kepeslap","10":"product_tag-postatortenet","11":"product_tag-unsold","13":"first","14":"instock","15":"sold-individually","16":"shipping-taxable","17":"purchasable","18":"product-type-simple"},"_links":{"self":[{"href":"https:\/\/stampcurio.com\/hu\/wp-json\/wp\/v2\/product\/27537","targetHints":{"allow":["GET"]}}],"collection":[{"href":"https:\/\/stampcurio.com\/hu\/wp-json\/wp\/v2\/product"}],"about":[{"href":"https:\/\/stampcurio.com\/hu\/wp-json\/wp\/v2\/types\/product"}],"wp:featuredmedia":[{"embeddable":true,"href":"https:\/\/stampcurio.com\/hu\/wp-json\/wp\/v2\/media\/29377"}],"wp:attachment":[{"href":"https:\/\/stampcurio.com\/hu\/wp-json\/wp\/v2\/media?parent=27537"}],"wp:term":[{"taxonomy":"product_brand","embeddable":true,"href":"https:\/\/stampcurio.com\/hu\/wp-json\/wp\/v2\/product_brand?post=27537"},{"taxonomy":"product_cat","embeddable":true,"href":"https:\/\/stampcurio.com\/hu\/wp-json\/wp\/v2\/product_cat?post=27537"},{"taxonomy":"product_tag","embeddable":true,"href":"https:\/\/stampcurio.com\/hu\/wp-json\/wp\/v2\/product_tag?post=27537"}],"curies":[{"name":"wp","href":"https:\/\/api.w.org\/{rel}","templated":true}]}}