{"id":27536,"date":"2025-11-24T16:30:37","date_gmt":"2025-11-24T15:30:37","guid":{"rendered":"https:\/\/stampcurio.com\/product\/1914-magyarorszag-luxemburgba-kuldott-dijjegyes-levelezolap-ritka-destinacio\/"},"modified":"2026-01-05T15:04:49","modified_gmt":"2026-01-05T14:04:49","slug":"1914-magyarorszag-luxemburgba-kuldott-dijjegyes-levelezolap-ritka-destinacio","status":"publish","type":"product","link":"https:\/\/stampcurio.com\/hu\/termek\/1914-magyarorszag-luxemburgba-kuldott-dijjegyes-levelezolap-ritka-destinacio\/","title":{"rendered":"1914 Magyarorsz\u00e1g &#8211; Luxemburgba k\u00fcld\u00f6tt d\u00edjjegyes levelez\u0151lap \u2013 ritka destin\u00e1ci\u00f3"},"content":{"rendered":"","protected":false},"excerpt":{"rendered":"","protected":false},"featured_media":29386,"template":"","meta":[],"product_brand":[],"product_cat":[1260,1172],"product_tag":[1669,74,89,1006],"class_list":{"0":"post-27536","1":"product","2":"type-product","3":"status-publish","4":"has-post-thumbnail","6":"product_cat-luxemburg","7":"product_cat-magyarorszag","8":"product_tag-3rd-auction","9":"product_tag-dijjegyes","10":"product_tag-postatortenet","11":"product_tag-unsold","13":"first","14":"instock","15":"sold-individually","16":"shipping-taxable","17":"purchasable","18":"product-type-simple"},"_links":{"self":[{"href":"https:\/\/stampcurio.com\/hu\/wp-json\/wp\/v2\/product\/27536","targetHints":{"allow":["GET"]}}],"collection":[{"href":"https:\/\/stampcurio.com\/hu\/wp-json\/wp\/v2\/product"}],"about":[{"href":"https:\/\/stampcurio.com\/hu\/wp-json\/wp\/v2\/types\/product"}],"wp:featuredmedia":[{"embeddable":true,"href":"https:\/\/stampcurio.com\/hu\/wp-json\/wp\/v2\/media\/29386"}],"wp:attachment":[{"href":"https:\/\/stampcurio.com\/hu\/wp-json\/wp\/v2\/media?parent=27536"}],"wp:term":[{"taxonomy":"product_brand","embeddable":true,"href":"https:\/\/stampcurio.com\/hu\/wp-json\/wp\/v2\/product_brand?post=27536"},{"taxonomy":"product_cat","embeddable":true,"href":"https:\/\/stampcurio.com\/hu\/wp-json\/wp\/v2\/product_cat?post=27536"},{"taxonomy":"product_tag","embeddable":true,"href":"https:\/\/stampcurio.com\/hu\/wp-json\/wp\/v2\/product_tag?post=27536"}],"curies":[{"name":"wp","href":"https:\/\/api.w.org\/{rel}","templated":true}]}}