{"id":27535,"date":"2025-11-24T16:30:36","date_gmt":"2025-11-24T15:30:36","guid":{"rendered":"https:\/\/stampcurio.com\/product\/1897-magyarorszag-milleniumi-dijjegyes-levelezolap-az-amerikai-egyesult-allamokba-kuldve-illusztralt-oldalan-a-hunyadi-keseruviz-reklam-felulnyomassal-3-kr-dijkiegeszitessel-h-j-perfin-belyeggel\/"},"modified":"2025-12-05T04:01:55","modified_gmt":"2025-12-05T03:01:55","slug":"1897-magyarorszag-milleniumi-dijjegyes-levelezolap-az-amerikai-egyesult-allamokba-kuldve-illusztralt-oldalan-a-hunyadi-keseruviz-reklam-felulnyomassal-3-kr-dijkiegeszitessel-s-a-h-j-perfin-bel","status":"publish","type":"product","link":"https:\/\/stampcurio.com\/hu\/termek\/1897-magyarorszag-milleniumi-dijjegyes-levelezolap-az-amerikai-egyesult-allamokba-kuldve-illusztralt-oldalan-a-hunyadi-keseruviz-reklam-felulnyomassal-3-kr-dijkiegeszitessel-s-a-h-j-perfin-bel\/","title":{"rendered":"1897 Magyarorsz\u00e1g &#8211; Milleniumi d\u00edjjegyes levelez\u0151lap az Amerikai Egyes\u00fclt \u00c1llamokba k\u00fcldve, illusztr\u00e1lt oldal\u00e1n a Hunyadi Keser\u0171v\u00edz rekl\u00e1m fel\u00fclnyom\u00e1ssal 3 kr d\u00edjkieg\u00e9sz\u00edt\u00e9ssel, S.A. \/ H.J. perfin b\u00e9lyeggel."},"content":{"rendered":"","protected":false},"excerpt":{"rendered":"<p>A b\u00e9lyeg s\u00e9r\u00fclten lett felragasztva a k\u00fcldem\u00e9nyre.<\/p>\n<p>Via Bremenhaven postai ir\u00e1ny\u00edt\u00f3 b\u00e9lyegz\u00e9ssel.<\/p>\n<p>&nbsp;<\/p>\n","protected":false},"featured_media":29348,"template":"","meta":[],"product_brand":[],"product_cat":[1172],"product_tag":[1669,74,230,89,75],"class_list":{"0":"post-27535","1":"product","2":"type-product","3":"status-publish","4":"has-post-thumbnail","6":"product_cat-magyarorszag","7":"product_tag-3rd-auction","8":"product_tag-dijjegyes","9":"product_tag-perfin","10":"product_tag-postatortenet","11":"product_tag-reklam","13":"first","14":"outofstock","15":"sold-individually","16":"shipping-taxable","17":"purchasable","18":"product-type-simple"},"_links":{"self":[{"href":"https:\/\/stampcurio.com\/hu\/wp-json\/wp\/v2\/product\/27535","targetHints":{"allow":["GET"]}}],"collection":[{"href":"https:\/\/stampcurio.com\/hu\/wp-json\/wp\/v2\/product"}],"about":[{"href":"https:\/\/stampcurio.com\/hu\/wp-json\/wp\/v2\/types\/product"}],"wp:featuredmedia":[{"embeddable":true,"href":"https:\/\/stampcurio.com\/hu\/wp-json\/wp\/v2\/media\/29348"}],"wp:attachment":[{"href":"https:\/\/stampcurio.com\/hu\/wp-json\/wp\/v2\/media?parent=27535"}],"wp:term":[{"taxonomy":"product_brand","embeddable":true,"href":"https:\/\/stampcurio.com\/hu\/wp-json\/wp\/v2\/product_brand?post=27535"},{"taxonomy":"product_cat","embeddable":true,"href":"https:\/\/stampcurio.com\/hu\/wp-json\/wp\/v2\/product_cat?post=27535"},{"taxonomy":"product_tag","embeddable":true,"href":"https:\/\/stampcurio.com\/hu\/wp-json\/wp\/v2\/product_tag?post=27535"}],"curies":[{"name":"wp","href":"https:\/\/api.w.org\/{rel}","templated":true}]}}