{"id":27534,"date":"2025-11-24T16:30:36","date_gmt":"2025-11-24T15:30:36","guid":{"rendered":"https:\/\/stampcurio.com\/product\/1906-magyarorszag-amerikai-egyesult-allamokba-kuldott-ajanlott-levelezolap-rendkivul-ritka-kuldemenyfajta\/"},"modified":"2026-01-05T15:04:50","modified_gmt":"2026-01-05T14:04:50","slug":"1906-magyarorszag-az-amerikai-egyesult-allamokba-kuldott-ajanlott-levelezolap-rendkivul-ritka-kuldemenyfajta","status":"publish","type":"product","link":"https:\/\/stampcurio.com\/hu\/termek\/1906-magyarorszag-az-amerikai-egyesult-allamokba-kuldott-ajanlott-levelezolap-rendkivul-ritka-kuldemenyfajta\/","title":{"rendered":"1906 Magyarorsz\u00e1g &#8211; az Amerikai Egyes\u00fclt \u00c1llamokba k\u00fcld\u00f6tt aj\u00e1nlott levelez\u0151lap \u2013 rendk\u00edv\u00fcl ritka k\u00fcldem\u00e9nyfajta"},"content":{"rendered":"","protected":false},"excerpt":{"rendered":"<p>Fantasztikus 12+12+6 fill\u00e9res d\u00edjkieg\u00e9sz\u00edt\u00e9ssel tarifahelyesen 35 fill\u00e9r.<\/p>\n","protected":false},"featured_media":29340,"template":"","meta":[],"product_brand":[],"product_cat":[1204,1172],"product_tag":[1669,74,89,1006],"class_list":{"0":"post-27534","1":"product","2":"type-product","3":"status-publish","4":"has-post-thumbnail","6":"product_cat-amerikai-egyesult-allamok","7":"product_cat-magyarorszag","8":"product_tag-3rd-auction","9":"product_tag-dijjegyes","10":"product_tag-postatortenet","11":"product_tag-unsold","13":"first","14":"instock","15":"sold-individually","16":"shipping-taxable","17":"purchasable","18":"product-type-simple"},"_links":{"self":[{"href":"https:\/\/stampcurio.com\/hu\/wp-json\/wp\/v2\/product\/27534","targetHints":{"allow":["GET"]}}],"collection":[{"href":"https:\/\/stampcurio.com\/hu\/wp-json\/wp\/v2\/product"}],"about":[{"href":"https:\/\/stampcurio.com\/hu\/wp-json\/wp\/v2\/types\/product"}],"wp:featuredmedia":[{"embeddable":true,"href":"https:\/\/stampcurio.com\/hu\/wp-json\/wp\/v2\/media\/29340"}],"wp:attachment":[{"href":"https:\/\/stampcurio.com\/hu\/wp-json\/wp\/v2\/media?parent=27534"}],"wp:term":[{"taxonomy":"product_brand","embeddable":true,"href":"https:\/\/stampcurio.com\/hu\/wp-json\/wp\/v2\/product_brand?post=27534"},{"taxonomy":"product_cat","embeddable":true,"href":"https:\/\/stampcurio.com\/hu\/wp-json\/wp\/v2\/product_cat?post=27534"},{"taxonomy":"product_tag","embeddable":true,"href":"https:\/\/stampcurio.com\/hu\/wp-json\/wp\/v2\/product_tag?post=27534"}],"curies":[{"name":"wp","href":"https:\/\/api.w.org\/{rel}","templated":true}]}}