{"id":27533,"date":"2025-11-24T16:30:36","date_gmt":"2025-11-24T15:30:36","guid":{"rendered":"https:\/\/stampcurio.com\/product\/1893-magyarorszag-daniaba-kuldott-ajanlott-boritek-2x5-kr-otoscsikkal-dijkiegeszitve-felix-weiss-belyegkereskedo-altal-kuldve\/"},"modified":"2026-02-19T11:59:28","modified_gmt":"2026-02-19T10:59:28","slug":"1893-magyarorszag-daniaba-kuldott-ajanlott-dijjegyes-boritek-ket-2-krajcaros-1881-otoscsikkal-dijkiegeszitve-felix-weiss-belyegkereskedo-levelzarojaval","status":"publish","type":"product","link":"https:\/\/stampcurio.com\/hu\/termek\/1893-magyarorszag-daniaba-kuldott-ajanlott-dijjegyes-boritek-ket-2-krajcaros-1881-otoscsikkal-dijkiegeszitve-felix-weiss-belyegkereskedo-levelzarojaval\/","title":{"rendered":"1893 Magyarorsz\u00e1g &#8211; D\u00e1ni\u00e1ba k\u00fcld\u00f6tt aj\u00e1nlott d\u00edjjegyes bor\u00edt\u00e9k k\u00e9t 2 krajc\u00e1ros (1881) \u00f6t\u00f6scs\u00edkkal d\u00edjkieg\u00e9sz\u00edtve, F\u00e9lix Weiss b\u00e9lyegkeresked\u0151 lev\u00e9lz\u00e1r\u00f3j\u00e1val"},"content":{"rendered":"","protected":false},"excerpt":{"rendered":"<p>A d\u00edjjegyet val\u00f3sz\u00edn\u0171leg nem sz\u00e1molt\u00e1k a postad\u00edj megfizet\u00e9s\u00e9n\u00e9l, l\u00e1tv\u00e1nyos dekorat\u00edv darab.<\/p>\n","protected":false},"featured_media":29330,"template":"","meta":[],"product_brand":[],"product_cat":[1200,1172],"product_tag":[1669,116,1340,74,1280,194,89],"class_list":{"0":"post-27533","1":"product","2":"type-product","3":"status-publish","4":"has-post-thumbnail","6":"product_cat-dania","7":"product_cat-magyarorszag","8":"product_tag-3rd-auction","9":"product_tag-belyeg","10":"product_tag-belyegkereskedo","11":"product_tag-dijjegyes","12":"product_tag-judaica","13":"product_tag-levelzaro","14":"product_tag-postatortenet","16":"first","17":"outofstock","18":"sold-individually","19":"shipping-taxable","20":"purchasable","21":"product-type-simple"},"_links":{"self":[{"href":"https:\/\/stampcurio.com\/hu\/wp-json\/wp\/v2\/product\/27533","targetHints":{"allow":["GET"]}}],"collection":[{"href":"https:\/\/stampcurio.com\/hu\/wp-json\/wp\/v2\/product"}],"about":[{"href":"https:\/\/stampcurio.com\/hu\/wp-json\/wp\/v2\/types\/product"}],"wp:featuredmedia":[{"embeddable":true,"href":"https:\/\/stampcurio.com\/hu\/wp-json\/wp\/v2\/media\/29330"}],"wp:attachment":[{"href":"https:\/\/stampcurio.com\/hu\/wp-json\/wp\/v2\/media?parent=27533"}],"wp:term":[{"taxonomy":"product_brand","embeddable":true,"href":"https:\/\/stampcurio.com\/hu\/wp-json\/wp\/v2\/product_brand?post=27533"},{"taxonomy":"product_cat","embeddable":true,"href":"https:\/\/stampcurio.com\/hu\/wp-json\/wp\/v2\/product_cat?post=27533"},{"taxonomy":"product_tag","embeddable":true,"href":"https:\/\/stampcurio.com\/hu\/wp-json\/wp\/v2\/product_tag?post=27533"}],"curies":[{"name":"wp","href":"https:\/\/api.w.org\/{rel}","templated":true}]}}