{"id":27531,"date":"2025-11-24T16:30:35","date_gmt":"2025-11-24T15:30:35","guid":{"rendered":"https:\/\/stampcurio.com\/product\/1891-magyarorszag-norvegiaba-kuldott-nyomtatvany-ritka-destinacio\/"},"modified":"2025-12-05T04:01:55","modified_gmt":"2025-12-05T03:01:55","slug":"1891-magyarorszag-kaposvarrol-norvegiaba-kuldott-ceges-nyomtatvany-boritek-tarifahelyes-3kr-1881-dijlerovassal-ritka-destinacio","status":"publish","type":"product","link":"https:\/\/stampcurio.com\/hu\/termek\/1891-magyarorszag-kaposvarrol-norvegiaba-kuldott-ceges-nyomtatvany-boritek-tarifahelyes-3kr-1881-dijlerovassal-ritka-destinacio\/","title":{"rendered":"1891 Magyarorsz\u00e1g &#8211; Kaposv\u00e1rrol Norv\u00e9gi\u00e1ba k\u00fcld\u00f6tt c\u00e9ges nyomtatv\u00e1ny bor\u00edt\u00e9k tarifahelyes 3kr (1881) d\u00edjlerov\u00e1ssal \u2013 ritka destin\u00e1ci\u00f3"},"content":{"rendered":"","protected":false},"excerpt":{"rendered":"","protected":false},"featured_media":29322,"template":"","meta":[],"product_brand":[],"product_cat":[1172,1240],"product_tag":[1669,89],"class_list":{"0":"post-27531","1":"product","2":"type-product","3":"status-publish","4":"has-post-thumbnail","6":"product_cat-magyarorszag","7":"product_cat-norvegia","8":"product_tag-3rd-auction","9":"product_tag-postatortenet","11":"first","12":"outofstock","13":"sold-individually","14":"shipping-taxable","15":"purchasable","16":"product-type-simple"},"_links":{"self":[{"href":"https:\/\/stampcurio.com\/hu\/wp-json\/wp\/v2\/product\/27531","targetHints":{"allow":["GET"]}}],"collection":[{"href":"https:\/\/stampcurio.com\/hu\/wp-json\/wp\/v2\/product"}],"about":[{"href":"https:\/\/stampcurio.com\/hu\/wp-json\/wp\/v2\/types\/product"}],"wp:featuredmedia":[{"embeddable":true,"href":"https:\/\/stampcurio.com\/hu\/wp-json\/wp\/v2\/media\/29322"}],"wp:attachment":[{"href":"https:\/\/stampcurio.com\/hu\/wp-json\/wp\/v2\/media?parent=27531"}],"wp:term":[{"taxonomy":"product_brand","embeddable":true,"href":"https:\/\/stampcurio.com\/hu\/wp-json\/wp\/v2\/product_brand?post=27531"},{"taxonomy":"product_cat","embeddable":true,"href":"https:\/\/stampcurio.com\/hu\/wp-json\/wp\/v2\/product_cat?post=27531"},{"taxonomy":"product_tag","embeddable":true,"href":"https:\/\/stampcurio.com\/hu\/wp-json\/wp\/v2\/product_tag?post=27531"}],"curies":[{"name":"wp","href":"https:\/\/api.w.org\/{rel}","templated":true}]}}