{"id":27530,"date":"2025-11-24T16:30:34","date_gmt":"2025-11-24T15:30:34","guid":{"rendered":"https:\/\/stampcurio.com\/product\/1912-magyarorszag-monte-carloba-kuldott-dijjegyes-levelezolap-5-filler-dijkiegeszitessel-ritka-destinacio\/"},"modified":"2026-01-05T15:04:51","modified_gmt":"2026-01-05T14:04:51","slug":"1912-magyarorszag-nagyvaradrol-monte-carloba-monacoba-kuldott-dijjegyes-levelezolap-5-filler-dijkiegeszitessel-ritka-destinacio","status":"publish","type":"product","link":"https:\/\/stampcurio.com\/hu\/termek\/1912-magyarorszag-nagyvaradrol-monte-carloba-monacoba-kuldott-dijjegyes-levelezolap-5-filler-dijkiegeszitessel-ritka-destinacio\/","title":{"rendered":"1912 Magyarorsz\u00e1g &#8211; Nagyv\u00e1radr\u00f3l Monte Carloba \/ Monac\u00f3ba k\u00fcld\u00f6tt d\u00edjjegyes levelez\u0151lap 5 fill\u00e9r d\u00edjkieg\u00e9sz\u00edt\u00e9ssel \u2013 ritka destin\u00e1ci\u00f3"},"content":{"rendered":"","protected":false},"excerpt":{"rendered":"","protected":false},"featured_media":29314,"template":"","meta":[],"product_brand":[],"product_cat":[1172,1623,1208],"product_tag":[1669,74,89,1006],"class_list":{"0":"post-27530","1":"product","2":"type-product","3":"status-publish","4":"has-post-thumbnail","6":"product_cat-magyarorszag","7":"product_cat-monaco","8":"product_cat-romania","9":"product_tag-3rd-auction","10":"product_tag-dijjegyes","11":"product_tag-postatortenet","12":"product_tag-unsold","14":"first","15":"instock","16":"sold-individually","17":"shipping-taxable","18":"purchasable","19":"product-type-simple"},"_links":{"self":[{"href":"https:\/\/stampcurio.com\/hu\/wp-json\/wp\/v2\/product\/27530","targetHints":{"allow":["GET"]}}],"collection":[{"href":"https:\/\/stampcurio.com\/hu\/wp-json\/wp\/v2\/product"}],"about":[{"href":"https:\/\/stampcurio.com\/hu\/wp-json\/wp\/v2\/types\/product"}],"wp:featuredmedia":[{"embeddable":true,"href":"https:\/\/stampcurio.com\/hu\/wp-json\/wp\/v2\/media\/29314"}],"wp:attachment":[{"href":"https:\/\/stampcurio.com\/hu\/wp-json\/wp\/v2\/media?parent=27530"}],"wp:term":[{"taxonomy":"product_brand","embeddable":true,"href":"https:\/\/stampcurio.com\/hu\/wp-json\/wp\/v2\/product_brand?post=27530"},{"taxonomy":"product_cat","embeddable":true,"href":"https:\/\/stampcurio.com\/hu\/wp-json\/wp\/v2\/product_cat?post=27530"},{"taxonomy":"product_tag","embeddable":true,"href":"https:\/\/stampcurio.com\/hu\/wp-json\/wp\/v2\/product_tag?post=27530"}],"curies":[{"name":"wp","href":"https:\/\/api.w.org\/{rel}","templated":true}]}}