{"id":2753,"date":"2023-11-14T09:41:55","date_gmt":"2023-11-14T08:41:55","guid":{"rendered":"http:\/\/stampcurio.com\/?post_type=product&#038;p=2753"},"modified":"2025-12-05T04:13:27","modified_gmt":"2025-12-05T03:13:27","slug":"1931-zeppelin-pommernfahrt-levelzolap-repulo-i-belyegekkel","status":"publish","type":"product","link":"https:\/\/stampcurio.com\/hu\/termek\/1931-zeppelin-pommernfahrt-levelzolap-repulo-i-belyegekkel\/","title":{"rendered":"1931 Zeppelin POMMERNFAHRT levelz\u0151lap Rep\u00fcl\u0151 I. b\u00e9lyegekkel"},"content":{"rendered":"","protected":false},"excerpt":{"rendered":"<p>KESZY-HARMATH 4000 pont<\/p>\n","protected":false},"featured_media":11109,"template":"","meta":[],"product_brand":[],"product_cat":[96,73,113],"product_tag":[1044,1008,115,67,89,150],"class_list":{"0":"post-2753","1":"product","2":"type-product","3":"status-publish","4":"has-post-thumbnail","6":"product_cat-lengyelorszag-1st","7":"product_cat-magyarorszag-1st","8":"product_cat-nemetorszag-1st","9":"product_tag-1st-auction-hu","10":"product_tag-ebay","11":"product_tag-legiposta","12":"product_tag-marcofilatelia","13":"product_tag-postatortenet","14":"product_tag-zeppelin","15":"pa_catalog_id-261","17":"first","18":"instock","19":"sold-individually","20":"shipping-taxable","21":"product-type-simple"},"_links":{"self":[{"href":"https:\/\/stampcurio.com\/hu\/wp-json\/wp\/v2\/product\/2753","targetHints":{"allow":["GET"]}}],"collection":[{"href":"https:\/\/stampcurio.com\/hu\/wp-json\/wp\/v2\/product"}],"about":[{"href":"https:\/\/stampcurio.com\/hu\/wp-json\/wp\/v2\/types\/product"}],"wp:featuredmedia":[{"embeddable":true,"href":"https:\/\/stampcurio.com\/hu\/wp-json\/wp\/v2\/media\/11109"}],"wp:attachment":[{"href":"https:\/\/stampcurio.com\/hu\/wp-json\/wp\/v2\/media?parent=2753"}],"wp:term":[{"taxonomy":"product_brand","embeddable":true,"href":"https:\/\/stampcurio.com\/hu\/wp-json\/wp\/v2\/product_brand?post=2753"},{"taxonomy":"product_cat","embeddable":true,"href":"https:\/\/stampcurio.com\/hu\/wp-json\/wp\/v2\/product_cat?post=2753"},{"taxonomy":"product_tag","embeddable":true,"href":"https:\/\/stampcurio.com\/hu\/wp-json\/wp\/v2\/product_tag?post=2753"}],"curies":[{"name":"wp","href":"https:\/\/api.w.org\/{rel}","templated":true}]}}