{"id":27529,"date":"2025-11-24T16:30:34","date_gmt":"2025-11-24T15:30:34","guid":{"rendered":"https:\/\/stampcurio.com\/product\/1907-magyarorszag-ii-sulyu-nyomtatvany-harom-szinu-dijlerovassal-az-amerikai-egyesult-allamokba-kuldve\/"},"modified":"2026-01-07T12:52:28","modified_gmt":"2026-01-07T11:52:28","slug":"1907-magyarorszag-ii-sulyu-nyomtatvany-harom-szinu-dijlerovassal-az-amerikai-egyesult-allamokba-kuldve-bayer-gyogyszergyar","status":"publish","type":"product","link":"https:\/\/stampcurio.com\/hu\/termek\/1907-magyarorszag-ii-sulyu-nyomtatvany-harom-szinu-dijlerovassal-az-amerikai-egyesult-allamokba-kuldve-bayer-gyogyszergyar\/","title":{"rendered":"1907 Magyarorsz\u00e1g &#8211; II. s\u00faly\u00fa nyomtatv\u00e1ny h\u00e1rom sz\u00edn\u0171 d\u00edjlerov\u00e1ssal az Amerikai Egyes\u00fclt \u00c1llamokba k\u00fcldve &#8211; Bayer gy\u00f3gyszergy\u00e1r"},"content":{"rendered":"","protected":false},"excerpt":{"rendered":"","protected":false},"featured_media":29299,"template":"","meta":[],"product_brand":[],"product_cat":[1204,1172],"product_tag":[1669,89,75],"class_list":{"0":"post-27529","1":"product","2":"type-product","3":"status-publish","4":"has-post-thumbnail","6":"product_cat-amerikai-egyesult-allamok","7":"product_cat-magyarorszag","8":"product_tag-3rd-auction","9":"product_tag-postatortenet","10":"product_tag-reklam","12":"first","13":"outofstock","14":"sold-individually","15":"shipping-taxable","16":"purchasable","17":"product-type-simple"},"_links":{"self":[{"href":"https:\/\/stampcurio.com\/hu\/wp-json\/wp\/v2\/product\/27529","targetHints":{"allow":["GET"]}}],"collection":[{"href":"https:\/\/stampcurio.com\/hu\/wp-json\/wp\/v2\/product"}],"about":[{"href":"https:\/\/stampcurio.com\/hu\/wp-json\/wp\/v2\/types\/product"}],"wp:featuredmedia":[{"embeddable":true,"href":"https:\/\/stampcurio.com\/hu\/wp-json\/wp\/v2\/media\/29299"}],"wp:attachment":[{"href":"https:\/\/stampcurio.com\/hu\/wp-json\/wp\/v2\/media?parent=27529"}],"wp:term":[{"taxonomy":"product_brand","embeddable":true,"href":"https:\/\/stampcurio.com\/hu\/wp-json\/wp\/v2\/product_brand?post=27529"},{"taxonomy":"product_cat","embeddable":true,"href":"https:\/\/stampcurio.com\/hu\/wp-json\/wp\/v2\/product_cat?post=27529"},{"taxonomy":"product_tag","embeddable":true,"href":"https:\/\/stampcurio.com\/hu\/wp-json\/wp\/v2\/product_tag?post=27529"}],"curies":[{"name":"wp","href":"https:\/\/api.w.org\/{rel}","templated":true}]}}