{"id":27528,"date":"2025-11-24T16:30:34","date_gmt":"2025-11-24T15:30:34","guid":{"rendered":"https:\/\/stampcurio.com\/product\/1911-magyarorszag-szekula-bela-belyegkereskedo-reklamboritekja-nemetorszagba-kuldve\/"},"modified":"2026-01-07T14:15:50","modified_gmt":"2026-01-07T13:15:50","slug":"1911-magyarorszag-szekula-bela-belyegkereskedo-boritekja-nemetorszagba-kuldve-hatoldali-reklam-nyomassal","status":"publish","type":"product","link":"https:\/\/stampcurio.com\/hu\/termek\/1911-magyarorszag-szekula-bela-belyegkereskedo-boritekja-nemetorszagba-kuldve-hatoldali-reklam-nyomassal\/","title":{"rendered":"1911 Magyarorsz\u00e1g &#8211; Szekula B\u00e9la b\u00e9lyegkeresked\u0151 bor\u00edt\u00e9kja N\u00e9metorsz\u00e1gba k\u00fcldve h\u00e1toldali rekl\u00e1m nyom\u00e1ssal"},"content":{"rendered":"","protected":false},"excerpt":{"rendered":"","protected":false},"featured_media":29293,"template":"","meta":[],"product_brand":[],"product_cat":[1172],"product_tag":[1669,1340,89,75],"class_list":{"0":"post-27528","1":"product","2":"type-product","3":"status-publish","4":"has-post-thumbnail","6":"product_cat-magyarorszag","7":"product_tag-3rd-auction","8":"product_tag-belyegkereskedo","9":"product_tag-postatortenet","10":"product_tag-reklam","12":"first","13":"outofstock","14":"sold-individually","15":"shipping-taxable","16":"purchasable","17":"product-type-simple"},"_links":{"self":[{"href":"https:\/\/stampcurio.com\/hu\/wp-json\/wp\/v2\/product\/27528","targetHints":{"allow":["GET"]}}],"collection":[{"href":"https:\/\/stampcurio.com\/hu\/wp-json\/wp\/v2\/product"}],"about":[{"href":"https:\/\/stampcurio.com\/hu\/wp-json\/wp\/v2\/types\/product"}],"wp:featuredmedia":[{"embeddable":true,"href":"https:\/\/stampcurio.com\/hu\/wp-json\/wp\/v2\/media\/29293"}],"wp:attachment":[{"href":"https:\/\/stampcurio.com\/hu\/wp-json\/wp\/v2\/media?parent=27528"}],"wp:term":[{"taxonomy":"product_brand","embeddable":true,"href":"https:\/\/stampcurio.com\/hu\/wp-json\/wp\/v2\/product_brand?post=27528"},{"taxonomy":"product_cat","embeddable":true,"href":"https:\/\/stampcurio.com\/hu\/wp-json\/wp\/v2\/product_cat?post=27528"},{"taxonomy":"product_tag","embeddable":true,"href":"https:\/\/stampcurio.com\/hu\/wp-json\/wp\/v2\/product_tag?post=27528"}],"curies":[{"name":"wp","href":"https:\/\/api.w.org\/{rel}","templated":true}]}}