{"id":27526,"date":"2025-11-24T16:30:33","date_gmt":"2025-11-24T15:30:33","guid":{"rendered":"https:\/\/stampcurio.com\/product\/heligoland-album-vegyesen-pecsetelt-es-postatiszta-belyegekkel-ujnyomatokkal\/"},"modified":"2025-12-05T04:01:57","modified_gmt":"2025-12-05T03:01:57","slug":"1867-heligoland-album-18-oldal-vegyesen-pecsetelt-es-postatiszta-belyegekkel-ujnyomatokkal-hamisitvanyokkal-400-db","status":"publish","type":"product","link":"https:\/\/stampcurio.com\/hu\/termek\/1867-heligoland-album-18-oldal-vegyesen-pecsetelt-es-postatiszta-belyegekkel-ujnyomatokkal-hamisitvanyokkal-400-db\/","title":{"rendered":"1867+ Heligoland &#8211; (Album 18 oldal) vegyesen pecs\u00e9telt \u00e9s postatiszta b\u00e9lyegekkel, \u00fajnyomatokkal, hamisitv\u00e1nyokkal (~400 db)"},"content":{"rendered":"","protected":false},"excerpt":{"rendered":"<p>A Heligoland b\u00e9lyegekr\u0151l m\u00e9lyrehat\u00f3 tud\u00e1sunk nincs, \u00edgy az albumban l\u00e9v\u0151 b\u00e9lyegeket \u00fagy adjuk el ahogy hozz\u00e1nk ker\u00fcltek. Minden b\u00e9lyegr\u0151l k\u00e9sz\u00fclt f\u00e9nyk\u00e9p, ha tov\u00e1bbi k\u00e9pre van sz\u00fcks\u00e9g k\u00e9rem jelezz\u00e9k nyugodtan.<\/p>\n","protected":false},"featured_media":36011,"template":"","meta":[],"product_brand":[],"product_cat":[1186,1692,1175],"product_tag":[1669,116,217],"class_list":{"0":"post-27526","1":"product","2":"type-product","3":"status-publish","4":"has-post-thumbnail","6":"product_cat-brit-birodalom","7":"product_cat-heligoland","8":"product_cat-nemetorszag","9":"product_tag-3rd-auction","10":"product_tag-belyeg","11":"product_tag-tevnyomat","13":"first","14":"outofstock","15":"sold-individually","16":"shipping-taxable","17":"purchasable","18":"product-type-simple"},"_links":{"self":[{"href":"https:\/\/stampcurio.com\/hu\/wp-json\/wp\/v2\/product\/27526","targetHints":{"allow":["GET"]}}],"collection":[{"href":"https:\/\/stampcurio.com\/hu\/wp-json\/wp\/v2\/product"}],"about":[{"href":"https:\/\/stampcurio.com\/hu\/wp-json\/wp\/v2\/types\/product"}],"wp:featuredmedia":[{"embeddable":true,"href":"https:\/\/stampcurio.com\/hu\/wp-json\/wp\/v2\/media\/36011"}],"wp:attachment":[{"href":"https:\/\/stampcurio.com\/hu\/wp-json\/wp\/v2\/media?parent=27526"}],"wp:term":[{"taxonomy":"product_brand","embeddable":true,"href":"https:\/\/stampcurio.com\/hu\/wp-json\/wp\/v2\/product_brand?post=27526"},{"taxonomy":"product_cat","embeddable":true,"href":"https:\/\/stampcurio.com\/hu\/wp-json\/wp\/v2\/product_cat?post=27526"},{"taxonomy":"product_tag","embeddable":true,"href":"https:\/\/stampcurio.com\/hu\/wp-json\/wp\/v2\/product_tag?post=27526"}],"curies":[{"name":"wp","href":"https:\/\/api.w.org\/{rel}","templated":true}]}}