{"id":27524,"date":"2025-11-24T16:30:32","date_gmt":"2025-11-24T15:30:32","guid":{"rendered":"https:\/\/stampcurio.com\/product\/1874-magyarorszag-ferenczfalva-krasso-m-belyegzese-gudlin-n-a\/"},"modified":"2026-01-05T15:04:51","modified_gmt":"2026-01-05T14:04:51","slug":"1874-magyarorszag-ferenczfalva-krasso-m-belyegzes-gudlin-ismeretlen","status":"publish","type":"product","link":"https:\/\/stampcurio.com\/hu\/termek\/1874-magyarorszag-ferenczfalva-krasso-m-belyegzes-gudlin-ismeretlen\/","title":{"rendered":"1874 Magyarorsz\u00e1g &#8211; FERENCZFALVA \/ KRASS\u00d3 M. b\u00e9lyegz\u00e9s | Gudlin: ismeretlen(!)"},"content":{"rendered":"","protected":false},"excerpt":{"rendered":"","protected":false},"featured_media":32073,"template":"","meta":[],"product_brand":[],"product_cat":[1172,1208],"product_tag":[1669,116,1041,1006],"class_list":{"0":"post-27524","1":"product","2":"type-product","3":"status-publish","4":"has-post-thumbnail","6":"product_cat-magyarorszag","7":"product_cat-romania","8":"product_tag-3rd-auction","9":"product_tag-belyeg","10":"product_tag-marcophily-hu","11":"product_tag-unsold","13":"first","14":"instock","15":"sold-individually","16":"shipping-taxable","17":"purchasable","18":"product-type-simple"},"_links":{"self":[{"href":"https:\/\/stampcurio.com\/hu\/wp-json\/wp\/v2\/product\/27524","targetHints":{"allow":["GET"]}}],"collection":[{"href":"https:\/\/stampcurio.com\/hu\/wp-json\/wp\/v2\/product"}],"about":[{"href":"https:\/\/stampcurio.com\/hu\/wp-json\/wp\/v2\/types\/product"}],"wp:featuredmedia":[{"embeddable":true,"href":"https:\/\/stampcurio.com\/hu\/wp-json\/wp\/v2\/media\/32073"}],"wp:attachment":[{"href":"https:\/\/stampcurio.com\/hu\/wp-json\/wp\/v2\/media?parent=27524"}],"wp:term":[{"taxonomy":"product_brand","embeddable":true,"href":"https:\/\/stampcurio.com\/hu\/wp-json\/wp\/v2\/product_brand?post=27524"},{"taxonomy":"product_cat","embeddable":true,"href":"https:\/\/stampcurio.com\/hu\/wp-json\/wp\/v2\/product_cat?post=27524"},{"taxonomy":"product_tag","embeddable":true,"href":"https:\/\/stampcurio.com\/hu\/wp-json\/wp\/v2\/product_tag?post=27524"}],"curies":[{"name":"wp","href":"https:\/\/api.w.org\/{rel}","templated":true}]}}