{"id":27523,"date":"2025-11-24T16:30:32","date_gmt":"2025-11-24T15:30:32","guid":{"rendered":"https:\/\/stampcurio.com\/product\/1919-magyarorszag-kolozsvar-2-filler-postatiszta-teljes-iv-ivszelen-hold-jelzes-phu-50-eur-pruf-bodor\/"},"modified":"2025-12-05T04:01:57","modified_gmt":"2025-12-05T03:01:57","slug":"1919-romania-kolozsvar-2-bani-postatiszta-teljes-iv-ivszelen-hold-jelzes-phu-50-eur-pruf-bodor","status":"publish","type":"product","link":"https:\/\/stampcurio.com\/hu\/termek\/1919-romania-kolozsvar-2-bani-postatiszta-teljes-iv-ivszelen-hold-jelzes-phu-50-eur-pruf-bodor\/","title":{"rendered":"1919 Rom\u00e1nia &#8211; Kolozsv\u00e1r 2 bani postatiszta teljes \u00edv, \u00edvsz\u00e9len hold jelz\u00e9s | Phu: 50++ Eur, pr\u00fcf: Bodor"},"content":{"rendered":"","protected":false},"excerpt":{"rendered":"<p>V\u00edzszintesen \u00e9s f\u00fcgg\u0151legesen is hajtott \u00edv.<\/p>\n","protected":false},"featured_media":34615,"template":"","meta":[],"product_brand":[],"product_cat":[1172,1208],"product_tag":[1669,116,1332,217],"class_list":{"0":"post-27523","1":"product","2":"type-product","3":"status-publish","4":"has-post-thumbnail","6":"product_cat-magyarorszag","7":"product_cat-romania","8":"product_tag-3rd-auction","9":"product_tag-belyeg","10":"product_tag-helyi-kiadas","11":"product_tag-tevnyomat","13":"first","14":"outofstock","15":"sold-individually","16":"shipping-taxable","17":"purchasable","18":"product-type-simple"},"_links":{"self":[{"href":"https:\/\/stampcurio.com\/hu\/wp-json\/wp\/v2\/product\/27523","targetHints":{"allow":["GET"]}}],"collection":[{"href":"https:\/\/stampcurio.com\/hu\/wp-json\/wp\/v2\/product"}],"about":[{"href":"https:\/\/stampcurio.com\/hu\/wp-json\/wp\/v2\/types\/product"}],"wp:featuredmedia":[{"embeddable":true,"href":"https:\/\/stampcurio.com\/hu\/wp-json\/wp\/v2\/media\/34615"}],"wp:attachment":[{"href":"https:\/\/stampcurio.com\/hu\/wp-json\/wp\/v2\/media?parent=27523"}],"wp:term":[{"taxonomy":"product_brand","embeddable":true,"href":"https:\/\/stampcurio.com\/hu\/wp-json\/wp\/v2\/product_brand?post=27523"},{"taxonomy":"product_cat","embeddable":true,"href":"https:\/\/stampcurio.com\/hu\/wp-json\/wp\/v2\/product_cat?post=27523"},{"taxonomy":"product_tag","embeddable":true,"href":"https:\/\/stampcurio.com\/hu\/wp-json\/wp\/v2\/product_tag?post=27523"}],"curies":[{"name":"wp","href":"https:\/\/api.w.org\/{rel}","templated":true}]}}