{"id":27519,"date":"2025-11-24T16:30:30","date_gmt":"2025-11-24T15:30:30","guid":{"rendered":"https:\/\/stampcurio.com\/product\/1926-magyarorszag-pengo-filler-3-filleres-ertek-alkettosnyomat-mbk-120-pont\/"},"modified":"2026-01-20T17:45:59","modified_gmt":"2026-01-20T16:45:59","slug":"1926-magyarorszag-pengo-filler-3-filleres-ertek-alkettosnyomat-mbk-120-pont","status":"publish","type":"product","link":"https:\/\/stampcurio.com\/hu\/termek\/1926-magyarorszag-pengo-filler-3-filleres-ertek-alkettosnyomat-mbk-120-pont\/","title":{"rendered":"1926 Magyarorsz\u00e1g &#8211; Peng\u0151-fill\u00e9r 3 fill\u00e9res \u00e9rt\u00e9k \u00e1lkett\u0151snyomat | MBK: 120 pont"},"content":{"rendered":"","protected":false},"excerpt":{"rendered":"","protected":false},"featured_media":31276,"template":"","meta":[],"product_brand":[],"product_cat":[1172],"product_tag":[1669,116,217],"class_list":{"0":"post-27519","1":"product","2":"type-product","3":"status-publish","4":"has-post-thumbnail","6":"product_cat-magyarorszag","7":"product_tag-3rd-auction","8":"product_tag-belyeg","9":"product_tag-tevnyomat","11":"first","12":"outofstock","13":"sold-individually","14":"shipping-taxable","15":"purchasable","16":"product-type-simple"},"_links":{"self":[{"href":"https:\/\/stampcurio.com\/hu\/wp-json\/wp\/v2\/product\/27519","targetHints":{"allow":["GET"]}}],"collection":[{"href":"https:\/\/stampcurio.com\/hu\/wp-json\/wp\/v2\/product"}],"about":[{"href":"https:\/\/stampcurio.com\/hu\/wp-json\/wp\/v2\/types\/product"}],"wp:featuredmedia":[{"embeddable":true,"href":"https:\/\/stampcurio.com\/hu\/wp-json\/wp\/v2\/media\/31276"}],"wp:attachment":[{"href":"https:\/\/stampcurio.com\/hu\/wp-json\/wp\/v2\/media?parent=27519"}],"wp:term":[{"taxonomy":"product_brand","embeddable":true,"href":"https:\/\/stampcurio.com\/hu\/wp-json\/wp\/v2\/product_brand?post=27519"},{"taxonomy":"product_cat","embeddable":true,"href":"https:\/\/stampcurio.com\/hu\/wp-json\/wp\/v2\/product_cat?post=27519"},{"taxonomy":"product_tag","embeddable":true,"href":"https:\/\/stampcurio.com\/hu\/wp-json\/wp\/v2\/product_tag?post=27519"}],"curies":[{"name":"wp","href":"https:\/\/api.w.org\/{rel}","templated":true}]}}