{"id":27517,"date":"2025-11-24T16:30:27","date_gmt":"2025-11-24T15:30:27","guid":{"rendered":"https:\/\/stampcurio.com\/product\/1926-magyarorszag-pengo-filler-32-40-filleres-postai-hamisitvany-kozepreszenek-feketenyomata-alul-fogazott\/"},"modified":"2025-12-05T04:01:59","modified_gmt":"2025-12-05T03:01:59","slug":"1926-magyarorszag-hamisitvany-a-posta-karara-pengo-filler-32-40-filleres-kozepreszenek-feketenyomata-probanyomat-alul-fogazott","status":"publish","type":"product","link":"https:\/\/stampcurio.com\/hu\/termek\/1926-magyarorszag-hamisitvany-a-posta-karara-pengo-filler-32-40-filleres-kozepreszenek-feketenyomata-probanyomat-alul-fogazott\/","title":{"rendered":"1926 Magyarorsz\u00e1g &#8211; hamis\u00edtv\u00e1ny a posta k\u00e1r\u00e1ra &#8211; Peng\u0151-fill\u00e9r 32\/40 fill\u00e9res k\u00f6z\u00e9pr\u00e9sz\u00e9nek feketenyomata \/ pr\u00f3banyomat \u2013 alul fogazott"},"content":{"rendered":"","protected":false},"excerpt":{"rendered":"<p>A rend\u0151rs\u00e9g \u00e1ltal lefoglalt k\u00e9szletb\u0151l. F\u00fcgg\u0151leges \u00e9s v\u00edzszintes hajt\u00e1snyom.<\/p>\n","protected":false},"featured_media":31308,"template":"","meta":[],"product_brand":[],"product_cat":[1172],"product_tag":[1669,116,452,390],"class_list":{"0":"post-27517","1":"product","2":"type-product","3":"status-publish","4":"has-post-thumbnail","6":"product_cat-magyarorszag","7":"product_tag-3rd-auction","8":"product_tag-belyeg","9":"product_tag-csalard-bermentesites","10":"product_tag-probanyomat","12":"first","13":"outofstock","14":"sold-individually","15":"shipping-taxable","16":"purchasable","17":"product-type-simple"},"_links":{"self":[{"href":"https:\/\/stampcurio.com\/hu\/wp-json\/wp\/v2\/product\/27517","targetHints":{"allow":["GET"]}}],"collection":[{"href":"https:\/\/stampcurio.com\/hu\/wp-json\/wp\/v2\/product"}],"about":[{"href":"https:\/\/stampcurio.com\/hu\/wp-json\/wp\/v2\/types\/product"}],"wp:featuredmedia":[{"embeddable":true,"href":"https:\/\/stampcurio.com\/hu\/wp-json\/wp\/v2\/media\/31308"}],"wp:attachment":[{"href":"https:\/\/stampcurio.com\/hu\/wp-json\/wp\/v2\/media?parent=27517"}],"wp:term":[{"taxonomy":"product_brand","embeddable":true,"href":"https:\/\/stampcurio.com\/hu\/wp-json\/wp\/v2\/product_brand?post=27517"},{"taxonomy":"product_cat","embeddable":true,"href":"https:\/\/stampcurio.com\/hu\/wp-json\/wp\/v2\/product_cat?post=27517"},{"taxonomy":"product_tag","embeddable":true,"href":"https:\/\/stampcurio.com\/hu\/wp-json\/wp\/v2\/product_tag?post=27517"}],"curies":[{"name":"wp","href":"https:\/\/api.w.org\/{rel}","templated":true}]}}