{"id":27516,"date":"2025-11-24T16:30:26","date_gmt":"2025-11-24T15:30:26","guid":{"rendered":"https:\/\/stampcurio.com\/product\/1920-februar-23-horvatorszag-wilim-gregorcic-autograf-levele-rampacher-palnak-az-1919-1920-as-a-horvat-szloven-precomurje-partosfalva-muraszobota-felulnyomasokrol\/"},"modified":"2025-12-05T04:02:00","modified_gmt":"2025-12-05T03:02:00","slug":"1920-horvatorszag-wilim-gregorcic-filatelista-autograf-4-oldalas-levele-rampacher-palnak-belyegkereskedo-az-1919-1920-as-a-shs-horvat-szloven-felulnyomasokrol","status":"publish","type":"product","link":"https:\/\/stampcurio.com\/hu\/termek\/1920-horvatorszag-wilim-gregorcic-filatelista-autograf-4-oldalas-levele-rampacher-palnak-belyegkereskedo-az-1919-1920-as-a-shs-horvat-szloven-felulnyomasokrol\/","title":{"rendered":"1920 Horv\u00e1torsz\u00e1g &#8211; Wilim Gregorcic filatelista autogr\u00e1f 4 oldalas levele Rampacher P\u00e1lnak (b\u00e9lyegkeresked\u0151) az 1919-1920-as a SHS &#8211; horv\u00e1t, szlov\u00e9n fel\u00fclnyom\u00e1sokr\u00f3l"},"content":{"rendered":"","protected":false},"excerpt":{"rendered":"<p>A lev\u00e9lben a k\u00f6vetkez\u0151 kiad\u00e1sokat csoportos\u00edtja: P\u00e1rtosfalva, Perlak, Belatinc, Lendvav\u00e1s\u00e1rhely, Cs\u00e1ktornya, Muraszombathely etc.<\/p>\n","protected":false},"featured_media":35866,"template":"","meta":[],"product_brand":[],"product_cat":[1192,1172,1236],"product_tag":[1669,116,1340,1332,176,89],"class_list":{"0":"post-27516","1":"product","2":"type-product","3":"status-publish","4":"has-post-thumbnail","6":"product_cat-horvatorszag","7":"product_cat-magyarorszag","8":"product_cat-szlovenia","9":"product_tag-3rd-auction","10":"product_tag-belyeg","11":"product_tag-belyegkereskedo","12":"product_tag-helyi-kiadas","13":"product_tag-philagem","14":"product_tag-postatortenet","16":"first","17":"outofstock","18":"sold-individually","19":"shipping-taxable","20":"purchasable","21":"product-type-simple"},"_links":{"self":[{"href":"https:\/\/stampcurio.com\/hu\/wp-json\/wp\/v2\/product\/27516","targetHints":{"allow":["GET"]}}],"collection":[{"href":"https:\/\/stampcurio.com\/hu\/wp-json\/wp\/v2\/product"}],"about":[{"href":"https:\/\/stampcurio.com\/hu\/wp-json\/wp\/v2\/types\/product"}],"wp:featuredmedia":[{"embeddable":true,"href":"https:\/\/stampcurio.com\/hu\/wp-json\/wp\/v2\/media\/35866"}],"wp:attachment":[{"href":"https:\/\/stampcurio.com\/hu\/wp-json\/wp\/v2\/media?parent=27516"}],"wp:term":[{"taxonomy":"product_brand","embeddable":true,"href":"https:\/\/stampcurio.com\/hu\/wp-json\/wp\/v2\/product_brand?post=27516"},{"taxonomy":"product_cat","embeddable":true,"href":"https:\/\/stampcurio.com\/hu\/wp-json\/wp\/v2\/product_cat?post=27516"},{"taxonomy":"product_tag","embeddable":true,"href":"https:\/\/stampcurio.com\/hu\/wp-json\/wp\/v2\/product_tag?post=27516"}],"curies":[{"name":"wp","href":"https:\/\/api.w.org\/{rel}","templated":true}]}}