{"id":27515,"date":"2025-11-24T16:30:26","date_gmt":"2025-11-24T15:30:26","guid":{"rendered":"https:\/\/stampcurio.com\/product\/1913-magyarorszag-turul-arviz-probanyomatok-barnas-papiron-2-60-filleres-ertekig-13-db-belyeg\/"},"modified":"2026-01-05T15:04:53","modified_gmt":"2026-01-05T14:04:53","slug":"1913-magyarorszag-turul-arviz-probanyomatok-barnas-papiron-2-60-filleres-ertekig","status":"publish","type":"product","link":"https:\/\/stampcurio.com\/hu\/termek\/1913-magyarorszag-turul-arviz-probanyomatok-barnas-papiron-2-60-filleres-ertekig\/","title":{"rendered":"1913 Magyarorsz\u00e1g &#8211; Turul \u00c1rv\u00edz pr\u00f3banyomatok barn\u00e1s pap\u00edron 2-60 fill\u00e9res \u00e9rt\u00e9kig"},"content":{"rendered":"","protected":false},"excerpt":{"rendered":"","protected":false},"featured_media":34867,"template":"","meta":[],"product_brand":[],"product_cat":[1172],"product_tag":[1669,116,390,1006],"class_list":{"0":"post-27515","1":"product","2":"type-product","3":"status-publish","4":"has-post-thumbnail","6":"product_cat-magyarorszag","7":"product_tag-3rd-auction","8":"product_tag-belyeg","9":"product_tag-probanyomat","10":"product_tag-unsold","12":"first","13":"instock","14":"sold-individually","15":"shipping-taxable","16":"purchasable","17":"product-type-simple"},"_links":{"self":[{"href":"https:\/\/stampcurio.com\/hu\/wp-json\/wp\/v2\/product\/27515","targetHints":{"allow":["GET"]}}],"collection":[{"href":"https:\/\/stampcurio.com\/hu\/wp-json\/wp\/v2\/product"}],"about":[{"href":"https:\/\/stampcurio.com\/hu\/wp-json\/wp\/v2\/types\/product"}],"wp:featuredmedia":[{"embeddable":true,"href":"https:\/\/stampcurio.com\/hu\/wp-json\/wp\/v2\/media\/34867"}],"wp:attachment":[{"href":"https:\/\/stampcurio.com\/hu\/wp-json\/wp\/v2\/media?parent=27515"}],"wp:term":[{"taxonomy":"product_brand","embeddable":true,"href":"https:\/\/stampcurio.com\/hu\/wp-json\/wp\/v2\/product_brand?post=27515"},{"taxonomy":"product_cat","embeddable":true,"href":"https:\/\/stampcurio.com\/hu\/wp-json\/wp\/v2\/product_cat?post=27515"},{"taxonomy":"product_tag","embeddable":true,"href":"https:\/\/stampcurio.com\/hu\/wp-json\/wp\/v2\/product_tag?post=27515"}],"curies":[{"name":"wp","href":"https:\/\/api.w.org\/{rel}","templated":true}]}}