{"id":27514,"date":"2025-11-24T16:30:26","date_gmt":"2025-11-24T15:30:26","guid":{"rendered":"https:\/\/stampcurio.com\/product\/1850-ausztria-2-kr-pecsetelt-ib-tipus-kezi-papir-hp-gepszinatnyomat-beschadigung-des-wortes-kreuzer-ferchenbauer-270-eur\/"},"modified":"2025-12-05T04:02:00","modified_gmt":"2025-12-05T03:02:00","slug":"1850-ausztria-2-kr-pecsetelt-ib-tipus-kezi-papir-gepszinatnyomattal-kisebb-lemezhiba-beschadigung-des-wortes-kreuzer-ferchenbauer-270-eur","status":"publish","type":"product","link":"https:\/\/stampcurio.com\/hu\/termek\/1850-ausztria-2-kr-pecsetelt-ib-tipus-kezi-papir-gepszinatnyomattal-kisebb-lemezhiba-beschadigung-des-wortes-kreuzer-ferchenbauer-270-eur\/","title":{"rendered":"1850 Ausztria &#8211; 2 kr pecs\u00e9telt Ib t\u00edpus, k\u00e9zi pap\u00edr g\u00e9psz\u00edn\u00e1tnyomattal + kisebb lemezhiba: \u201eBesch\u00e4digung des Wortes KREUZER\u201d | Ferchenbauer: 270 EUR"},"content":{"rendered":"","protected":false},"excerpt":{"rendered":"","protected":false},"featured_media":30760,"template":"","meta":[],"product_brand":[],"product_cat":[1178],"product_tag":[1669,116,217],"class_list":{"0":"post-27514","1":"product","2":"type-product","3":"status-publish","4":"has-post-thumbnail","6":"product_cat-ausztria","7":"product_tag-3rd-auction","8":"product_tag-belyeg","9":"product_tag-tevnyomat","11":"first","12":"outofstock","13":"sold-individually","14":"shipping-taxable","15":"purchasable","16":"product-type-simple"},"_links":{"self":[{"href":"https:\/\/stampcurio.com\/hu\/wp-json\/wp\/v2\/product\/27514","targetHints":{"allow":["GET"]}}],"collection":[{"href":"https:\/\/stampcurio.com\/hu\/wp-json\/wp\/v2\/product"}],"about":[{"href":"https:\/\/stampcurio.com\/hu\/wp-json\/wp\/v2\/types\/product"}],"wp:featuredmedia":[{"embeddable":true,"href":"https:\/\/stampcurio.com\/hu\/wp-json\/wp\/v2\/media\/30760"}],"wp:attachment":[{"href":"https:\/\/stampcurio.com\/hu\/wp-json\/wp\/v2\/media?parent=27514"}],"wp:term":[{"taxonomy":"product_brand","embeddable":true,"href":"https:\/\/stampcurio.com\/hu\/wp-json\/wp\/v2\/product_brand?post=27514"},{"taxonomy":"product_cat","embeddable":true,"href":"https:\/\/stampcurio.com\/hu\/wp-json\/wp\/v2\/product_cat?post=27514"},{"taxonomy":"product_tag","embeddable":true,"href":"https:\/\/stampcurio.com\/hu\/wp-json\/wp\/v2\/product_tag?post=27514"}],"curies":[{"name":"wp","href":"https:\/\/api.w.org\/{rel}","templated":true}]}}