{"id":27513,"date":"2025-11-24T16:30:25","date_gmt":"2025-11-24T15:30:25","guid":{"rendered":"https:\/\/stampcurio.com\/product\/1863-ausztria-hirlapbelyeg-sima-kivagason-nemetlad-gudlin-350-es-kek-boglar-gudlin-600-belyegzesekkel\/"},"modified":"2025-12-05T04:02:01","modified_gmt":"2025-12-05T03:02:01","slug":"1863-ausztria-hirlapbelyeg-kivagason-nemetlad-gudlin-350-muller-30-es-kek-boglar-gudlin-600-muller-60x2-belyegzesekkel","status":"publish","type":"product","link":"https:\/\/stampcurio.com\/hu\/termek\/1863-ausztria-hirlapbelyeg-kivagason-nemetlad-gudlin-350-muller-30-es-kek-boglar-gudlin-600-muller-60x2-belyegzesekkel\/","title":{"rendered":"1863 Ausztria &#8211; H\u00edrlapb\u00e9lyeg kiv\u00e1g\u00e1son N\u00c9METLAD (Gudlin: 350, M\u00fcller: 30) \u00e9s k\u00e9k BOGL\u00c1R (Gudlin: 600, M\u00fcller: 60&#215;2) b\u00e9lyegz\u00e9sekkel"},"content":{"rendered":"","protected":false},"excerpt":{"rendered":"","protected":false},"featured_media":31294,"template":"","meta":[],"product_brand":[],"product_cat":[1178,1172],"product_tag":[1669,116,1041],"class_list":{"0":"post-27513","1":"product","2":"type-product","3":"status-publish","4":"has-post-thumbnail","6":"product_cat-ausztria","7":"product_cat-magyarorszag","8":"product_tag-3rd-auction","9":"product_tag-belyeg","10":"product_tag-marcophily-hu","12":"first","13":"outofstock","14":"sold-individually","15":"shipping-taxable","16":"purchasable","17":"product-type-simple"},"_links":{"self":[{"href":"https:\/\/stampcurio.com\/hu\/wp-json\/wp\/v2\/product\/27513","targetHints":{"allow":["GET"]}}],"collection":[{"href":"https:\/\/stampcurio.com\/hu\/wp-json\/wp\/v2\/product"}],"about":[{"href":"https:\/\/stampcurio.com\/hu\/wp-json\/wp\/v2\/types\/product"}],"wp:featuredmedia":[{"embeddable":true,"href":"https:\/\/stampcurio.com\/hu\/wp-json\/wp\/v2\/media\/31294"}],"wp:attachment":[{"href":"https:\/\/stampcurio.com\/hu\/wp-json\/wp\/v2\/media?parent=27513"}],"wp:term":[{"taxonomy":"product_brand","embeddable":true,"href":"https:\/\/stampcurio.com\/hu\/wp-json\/wp\/v2\/product_brand?post=27513"},{"taxonomy":"product_cat","embeddable":true,"href":"https:\/\/stampcurio.com\/hu\/wp-json\/wp\/v2\/product_cat?post=27513"},{"taxonomy":"product_tag","embeddable":true,"href":"https:\/\/stampcurio.com\/hu\/wp-json\/wp\/v2\/product_tag?post=27513"}],"curies":[{"name":"wp","href":"https:\/\/api.w.org\/{rel}","templated":true}]}}