{"id":27512,"date":"2025-11-24T16:30:25","date_gmt":"2025-11-24T15:30:25","guid":{"rendered":"https:\/\/stampcurio.com\/product\/1863-ausztria-hirlapbelyeg-csernecbe-kuldott-hirlapcimzesen-munkacs-belyegzessel\/"},"modified":"2025-12-05T04:02:00","modified_gmt":"2025-12-05T03:02:00","slug":"1863-ausztria-magyarorszag-csernecbe-kuldott-cimszallag-cimresze-munkacs-belyegzessel-es-hirlapbelyeggel","status":"publish","type":"product","link":"https:\/\/stampcurio.com\/hu\/termek\/1863-ausztria-magyarorszag-csernecbe-kuldott-cimszallag-cimresze-munkacs-belyegzessel-es-hirlapbelyeggel\/","title":{"rendered":"1863 Ausztria &#8211; Magyarorsz\u00e1g &#8211; Csernecbe k\u00fcld\u00f6tt c\u00edmszallag c\u00edmr\u00e9sze MUNK\u00c1CS b\u00e9lyegz\u00e9ssel \u00e9s h\u00edrlapb\u00e9lyeggel"},"content":{"rendered":"","protected":false},"excerpt":{"rendered":"","protected":false},"featured_media":30756,"template":"","meta":[],"product_brand":[],"product_cat":[1178,1172,1226],"product_tag":[1669,116,1041,89],"class_list":{"0":"post-27512","1":"product","2":"type-product","3":"status-publish","4":"has-post-thumbnail","6":"product_cat-ausztria","7":"product_cat-magyarorszag","8":"product_cat-ukrajna","9":"product_tag-3rd-auction","10":"product_tag-belyeg","11":"product_tag-marcophily-hu","12":"product_tag-postatortenet","14":"first","15":"outofstock","16":"sold-individually","17":"shipping-taxable","18":"purchasable","19":"product-type-simple"},"_links":{"self":[{"href":"https:\/\/stampcurio.com\/hu\/wp-json\/wp\/v2\/product\/27512","targetHints":{"allow":["GET"]}}],"collection":[{"href":"https:\/\/stampcurio.com\/hu\/wp-json\/wp\/v2\/product"}],"about":[{"href":"https:\/\/stampcurio.com\/hu\/wp-json\/wp\/v2\/types\/product"}],"wp:featuredmedia":[{"embeddable":true,"href":"https:\/\/stampcurio.com\/hu\/wp-json\/wp\/v2\/media\/30756"}],"wp:attachment":[{"href":"https:\/\/stampcurio.com\/hu\/wp-json\/wp\/v2\/media?parent=27512"}],"wp:term":[{"taxonomy":"product_brand","embeddable":true,"href":"https:\/\/stampcurio.com\/hu\/wp-json\/wp\/v2\/product_brand?post=27512"},{"taxonomy":"product_cat","embeddable":true,"href":"https:\/\/stampcurio.com\/hu\/wp-json\/wp\/v2\/product_cat?post=27512"},{"taxonomy":"product_tag","embeddable":true,"href":"https:\/\/stampcurio.com\/hu\/wp-json\/wp\/v2\/product_tag?post=27512"}],"curies":[{"name":"wp","href":"https:\/\/api.w.org\/{rel}","templated":true}]}}