{"id":27511,"date":"2025-11-24T16:30:24","date_gmt":"2025-11-24T15:30:24","guid":{"rendered":"https:\/\/stampcurio.com\/product\/1912-magyarorszag-barabas-mariska-dekorativ-lap-levelzarorkkal-alsomislye-salank\/"},"modified":"2025-12-05T04:02:02","modified_gmt":"2025-12-05T03:02:02","slug":"1912-magyarorszag-barabas-mariska-fele-dekorativ-lap-levelzarokkal-alsomislyerol-salankra-kuldve","status":"publish","type":"product","link":"https:\/\/stampcurio.com\/hu\/termek\/1912-magyarorszag-barabas-mariska-fele-dekorativ-lap-levelzarokkal-alsomislyerol-salankra-kuldve\/","title":{"rendered":"1912 Magyarorsz\u00e1g &#8211; Barab\u00e1s Mariska f\u00e9le dekorat\u00edv lap lev\u00e9lz\u00e1r\u00f3kkal, Als\u00f3misly\u00e9r\u0151l Sal\u00e1nkra k\u00fcldve"},"content":{"rendered":"","protected":false},"excerpt":{"rendered":"<p>Kiss szerencs\u00e9je nagy rekl\u00e1m lev\u00e9lz\u00e1r\u00f3kkal.<\/p>\n","protected":false},"featured_media":29361,"template":"","meta":[],"product_brand":[],"product_cat":[1172,1189,1226],"product_tag":[1669,194,89,75],"class_list":{"0":"post-27511","1":"product","2":"type-product","3":"status-publish","4":"has-post-thumbnail","6":"product_cat-magyarorszag","7":"product_cat-szlovakia","8":"product_cat-ukrajna","9":"product_tag-3rd-auction","10":"product_tag-levelzaro","11":"product_tag-postatortenet","12":"product_tag-reklam","14":"first","15":"outofstock","16":"sold-individually","17":"shipping-taxable","18":"purchasable","19":"product-type-simple"},"_links":{"self":[{"href":"https:\/\/stampcurio.com\/hu\/wp-json\/wp\/v2\/product\/27511","targetHints":{"allow":["GET"]}}],"collection":[{"href":"https:\/\/stampcurio.com\/hu\/wp-json\/wp\/v2\/product"}],"about":[{"href":"https:\/\/stampcurio.com\/hu\/wp-json\/wp\/v2\/types\/product"}],"wp:featuredmedia":[{"embeddable":true,"href":"https:\/\/stampcurio.com\/hu\/wp-json\/wp\/v2\/media\/29361"}],"wp:attachment":[{"href":"https:\/\/stampcurio.com\/hu\/wp-json\/wp\/v2\/media?parent=27511"}],"wp:term":[{"taxonomy":"product_brand","embeddable":true,"href":"https:\/\/stampcurio.com\/hu\/wp-json\/wp\/v2\/product_brand?post=27511"},{"taxonomy":"product_cat","embeddable":true,"href":"https:\/\/stampcurio.com\/hu\/wp-json\/wp\/v2\/product_cat?post=27511"},{"taxonomy":"product_tag","embeddable":true,"href":"https:\/\/stampcurio.com\/hu\/wp-json\/wp\/v2\/product_tag?post=27511"}],"curies":[{"name":"wp","href":"https:\/\/api.w.org\/{rel}","templated":true}]}}