{"id":2751,"date":"2023-11-14T09:29:24","date_gmt":"2023-11-14T08:29:24","guid":{"rendered":"http:\/\/stampcurio.com\/?post_type=product&#038;p=2751"},"modified":"2025-12-05T04:13:28","modified_gmt":"2025-12-05T03:13:28","slug":"1907-romania-ujsag-cimszalag-harmas-felhasznalassal-svajcba-kuldve-ott-portozva","status":"publish","type":"product","link":"https:\/\/stampcurio.com\/hu\/termek\/1907-romania-ujsag-cimszalag-harmas-felhasznalassal-svajcba-kuldve-ott-portozva\/","title":{"rendered":"1907 Rom\u00e1nia &#8211; \u00fajs\u00e1g c\u00edmszalag h\u00e1rmas felhaszn\u00e1l\u00e1ssal Sv\u00e1jcba k\u00fcldve ott port\u00f3zva"},"content":{"rendered":"","protected":false},"excerpt":{"rendered":"","protected":false},"featured_media":11114,"template":"","meta":[],"product_brand":[],"product_cat":[105,107],"product_tag":[1044,259,74,108,89],"class_list":{"0":"post-2751","1":"product","2":"type-product","3":"status-publish","4":"has-post-thumbnail","6":"product_cat-romania-1st","7":"product_cat-svajc-1st","8":"product_tag-1st-auction-hu","9":"product_tag-cimszalag","10":"product_tag-dijjegyes","11":"product_tag-porto","12":"product_tag-postatortenet","13":"pa_catalog_id-258","15":"first","16":"instock","17":"sold-individually","18":"shipping-taxable","19":"product-type-simple"},"_links":{"self":[{"href":"https:\/\/stampcurio.com\/hu\/wp-json\/wp\/v2\/product\/2751","targetHints":{"allow":["GET"]}}],"collection":[{"href":"https:\/\/stampcurio.com\/hu\/wp-json\/wp\/v2\/product"}],"about":[{"href":"https:\/\/stampcurio.com\/hu\/wp-json\/wp\/v2\/types\/product"}],"wp:featuredmedia":[{"embeddable":true,"href":"https:\/\/stampcurio.com\/hu\/wp-json\/wp\/v2\/media\/11114"}],"wp:attachment":[{"href":"https:\/\/stampcurio.com\/hu\/wp-json\/wp\/v2\/media?parent=2751"}],"wp:term":[{"taxonomy":"product_brand","embeddable":true,"href":"https:\/\/stampcurio.com\/hu\/wp-json\/wp\/v2\/product_brand?post=2751"},{"taxonomy":"product_cat","embeddable":true,"href":"https:\/\/stampcurio.com\/hu\/wp-json\/wp\/v2\/product_cat?post=2751"},{"taxonomy":"product_tag","embeddable":true,"href":"https:\/\/stampcurio.com\/hu\/wp-json\/wp\/v2\/product_tag?post=2751"}],"curies":[{"name":"wp","href":"https:\/\/api.w.org\/{rel}","templated":true}]}}