{"id":27509,"date":"2025-11-24T16:30:24","date_gmt":"2025-11-24T15:30:24","guid":{"rendered":"https:\/\/stampcurio.com\/product\/1941-amerikai-egyesult-allamok-new-yorkba-kuldott-ajanlott-legiposta-boritek-rendkivul-ritka-held-by-british-censor-belyegzessel-piros-released-felulbelyegzessel\/"},"modified":"2026-01-05T15:04:54","modified_gmt":"2026-01-05T14:04:54","slug":"1941-magyarorszag-new-yorkba-kuldott-ajanlott-legiposta-boritek-rendkivul-ritka-held-by-british-censor-belyegzessel-piros-released-felulbelyegzessel-a-level-ve","status":"publish","type":"product","link":"https:\/\/stampcurio.com\/hu\/termek\/1941-magyarorszag-new-yorkba-kuldott-ajanlott-legiposta-boritek-rendkivul-ritka-held-by-british-censor-belyegzessel-piros-released-felulbelyegzessel-a-level-ve\/","title":{"rendered":"1941 Magyarorsz\u00e1g &#8211; New Yorkba k\u00fcld\u00f6tt aj\u00e1nlott l\u00e9giposta bor\u00edt\u00e9k, rendk\u00edv\u00fcl ritka \u201eHeld by British Censor\u201d b\u00e9lyegz\u00e9ssel, piros \u201eReleased\u201d fel\u00fclb\u00e9lyegz\u00e9ssel. A lev\u00e9l v\u00e9g\u00fcl 1946 m\u00e1rcius\u00e1ban, t\u00f6bb mint 5 \u00e9v alatt jutott Amerik\u00e1ba, az 5 \u00e9ves \u00fatnak megfelel\u0151en igen viseltes \u00e1llapotban."},"content":{"rendered":"","protected":false},"excerpt":{"rendered":"","protected":false},"featured_media":31764,"template":"","meta":[],"product_brand":[],"product_cat":[1204,1186,1172],"product_tag":[1669,233,115,176,89,1006],"class_list":{"0":"post-27509","1":"product","2":"type-product","3":"status-publish","4":"has-post-thumbnail","6":"product_cat-amerikai-egyesult-allamok","7":"product_cat-brit-birodalom","8":"product_cat-magyarorszag","9":"product_tag-3rd-auction","10":"product_tag-cenzura","11":"product_tag-legiposta","12":"product_tag-philagem","13":"product_tag-postatortenet","14":"product_tag-unsold","16":"first","17":"instock","18":"sold-individually","19":"shipping-taxable","20":"purchasable","21":"product-type-simple"},"_links":{"self":[{"href":"https:\/\/stampcurio.com\/hu\/wp-json\/wp\/v2\/product\/27509","targetHints":{"allow":["GET"]}}],"collection":[{"href":"https:\/\/stampcurio.com\/hu\/wp-json\/wp\/v2\/product"}],"about":[{"href":"https:\/\/stampcurio.com\/hu\/wp-json\/wp\/v2\/types\/product"}],"wp:featuredmedia":[{"embeddable":true,"href":"https:\/\/stampcurio.com\/hu\/wp-json\/wp\/v2\/media\/31764"}],"wp:attachment":[{"href":"https:\/\/stampcurio.com\/hu\/wp-json\/wp\/v2\/media?parent=27509"}],"wp:term":[{"taxonomy":"product_brand","embeddable":true,"href":"https:\/\/stampcurio.com\/hu\/wp-json\/wp\/v2\/product_brand?post=27509"},{"taxonomy":"product_cat","embeddable":true,"href":"https:\/\/stampcurio.com\/hu\/wp-json\/wp\/v2\/product_cat?post=27509"},{"taxonomy":"product_tag","embeddable":true,"href":"https:\/\/stampcurio.com\/hu\/wp-json\/wp\/v2\/product_tag?post=27509"}],"curies":[{"name":"wp","href":"https:\/\/api.w.org\/{rel}","templated":true}]}}