{"id":27508,"date":"2025-11-24T16:30:23","date_gmt":"2025-11-24T15:30:23","guid":{"rendered":"https:\/\/stampcurio.com\/product\/1892-liberia-dijjegyes-levelezolap-a-kikapart-uralkodo-kepu-dijjeggyel-nemetorszagba-kuldve\/"},"modified":"2026-01-05T15:04:55","modified_gmt":"2026-01-05T14:04:55","slug":"1892-liberia-dijjegyes-levelezolap-az-uralkodo-kikapart-arckepevel-nemetorszagba-kuldve","status":"publish","type":"product","link":"https:\/\/stampcurio.com\/hu\/termek\/1892-liberia-dijjegyes-levelezolap-az-uralkodo-kikapart-arckepevel-nemetorszagba-kuldve\/","title":{"rendered":"1892 Lib\u00e9ria &#8211; D\u00edjjegyes levelez\u0151lap az uralkod\u00f3  kikapart arck\u00e9p\u00e9vel N\u00e9metorsz\u00e1gba k\u00fcldve"},"content":{"rendered":"","protected":false},"excerpt":{"rendered":"","protected":false},"featured_media":29355,"template":"","meta":[],"product_brand":[],"product_cat":[1279],"product_tag":[1669,74,89,1006],"class_list":{"0":"post-27508","1":"product","2":"type-product","3":"status-publish","4":"has-post-thumbnail","6":"product_cat-liberia","7":"product_tag-3rd-auction","8":"product_tag-dijjegyes","9":"product_tag-postatortenet","10":"product_tag-unsold","12":"first","13":"instock","14":"sold-individually","15":"shipping-taxable","16":"purchasable","17":"product-type-simple"},"_links":{"self":[{"href":"https:\/\/stampcurio.com\/hu\/wp-json\/wp\/v2\/product\/27508","targetHints":{"allow":["GET"]}}],"collection":[{"href":"https:\/\/stampcurio.com\/hu\/wp-json\/wp\/v2\/product"}],"about":[{"href":"https:\/\/stampcurio.com\/hu\/wp-json\/wp\/v2\/types\/product"}],"wp:featuredmedia":[{"embeddable":true,"href":"https:\/\/stampcurio.com\/hu\/wp-json\/wp\/v2\/media\/29355"}],"wp:attachment":[{"href":"https:\/\/stampcurio.com\/hu\/wp-json\/wp\/v2\/media?parent=27508"}],"wp:term":[{"taxonomy":"product_brand","embeddable":true,"href":"https:\/\/stampcurio.com\/hu\/wp-json\/wp\/v2\/product_brand?post=27508"},{"taxonomy":"product_cat","embeddable":true,"href":"https:\/\/stampcurio.com\/hu\/wp-json\/wp\/v2\/product_cat?post=27508"},{"taxonomy":"product_tag","embeddable":true,"href":"https:\/\/stampcurio.com\/hu\/wp-json\/wp\/v2\/product_tag?post=27508"}],"curies":[{"name":"wp","href":"https:\/\/api.w.org\/{rel}","templated":true}]}}