{"id":27507,"date":"2025-11-24T16:30:23","date_gmt":"2025-11-24T15:30:23","guid":{"rendered":"https:\/\/stampcurio.com\/product\/1957-augusztus-2-eszak-korea-boritek-tabori-posta-felhasznalassal\/"},"modified":"2026-01-05T15:04:55","modified_gmt":"2026-01-05T14:04:55","slug":"1957-eszak-korea-boritek-tabori-posta-felhasznalassal","status":"publish","type":"product","link":"https:\/\/stampcurio.com\/hu\/termek\/1957-eszak-korea-boritek-tabori-posta-felhasznalassal\/","title":{"rendered":"1957 \u00c9szak-Korea &#8211; bor\u00edt\u00e9k t\u00e1bori posta felhaszn\u00e1l\u00e1ssal"},"content":{"rendered":"","protected":false},"excerpt":{"rendered":"","protected":false},"featured_media":29350,"template":"","meta":[],"product_brand":[],"product_cat":[1225],"product_tag":[1669,89,208,1006],"class_list":{"0":"post-27507","1":"product","2":"type-product","3":"status-publish","4":"has-post-thumbnail","6":"product_cat-eszak-korea","7":"product_tag-3rd-auction","8":"product_tag-postatortenet","9":"product_tag-tabori-posta","10":"product_tag-unsold","12":"first","13":"instock","14":"sold-individually","15":"shipping-taxable","16":"purchasable","17":"product-type-simple"},"_links":{"self":[{"href":"https:\/\/stampcurio.com\/hu\/wp-json\/wp\/v2\/product\/27507","targetHints":{"allow":["GET"]}}],"collection":[{"href":"https:\/\/stampcurio.com\/hu\/wp-json\/wp\/v2\/product"}],"about":[{"href":"https:\/\/stampcurio.com\/hu\/wp-json\/wp\/v2\/types\/product"}],"wp:featuredmedia":[{"embeddable":true,"href":"https:\/\/stampcurio.com\/hu\/wp-json\/wp\/v2\/media\/29350"}],"wp:attachment":[{"href":"https:\/\/stampcurio.com\/hu\/wp-json\/wp\/v2\/media?parent=27507"}],"wp:term":[{"taxonomy":"product_brand","embeddable":true,"href":"https:\/\/stampcurio.com\/hu\/wp-json\/wp\/v2\/product_brand?post=27507"},{"taxonomy":"product_cat","embeddable":true,"href":"https:\/\/stampcurio.com\/hu\/wp-json\/wp\/v2\/product_cat?post=27507"},{"taxonomy":"product_tag","embeddable":true,"href":"https:\/\/stampcurio.com\/hu\/wp-json\/wp\/v2\/product_tag?post=27507"}],"curies":[{"name":"wp","href":"https:\/\/api.w.org\/{rel}","templated":true}]}}