{"id":27505,"date":"2025-11-24T16:30:22","date_gmt":"2025-11-24T15:30:22","guid":{"rendered":"https:\/\/stampcurio.com\/product\/1899-ausztralia-magyarorszagra-kuldott-boritek-dekorativ-r-belyegzessel-olasz-brindizi-atmeno-belyegzessel\/"},"modified":"2026-01-05T15:04:56","modified_gmt":"2026-01-05T14:04:56","slug":"1899-ausztralia-magyarorszagra-nagyvaradra-kuldott-boritek-dekorativ-belyegzessel-olasz-brindisi-atmeno-belyegzessel","status":"publish","type":"product","link":"https:\/\/stampcurio.com\/hu\/termek\/1899-ausztralia-magyarorszagra-nagyvaradra-kuldott-boritek-dekorativ-belyegzessel-olasz-brindisi-atmeno-belyegzessel\/","title":{"rendered":"1899 Ausztr\u00e1lia &#8211; Magyarorsz\u00e1gra \/ Nagyv\u00e1radra k\u00fcld\u00f6tt bor\u00edt\u00e9k dekorat\u00edv b\u00e9lyegz\u00e9ssel, olasz (Brindisi) \u00e1tmen\u0151 b\u00e9lyegz\u00e9ssel"},"content":{"rendered":"","protected":false},"excerpt":{"rendered":"","protected":false},"featured_media":29310,"template":"","meta":[],"product_brand":[],"product_cat":[1218,1172,1208],"product_tag":[1669,116,1041,89,1006],"class_list":{"0":"post-27505","1":"product","2":"type-product","3":"status-publish","4":"has-post-thumbnail","6":"product_cat-ausztralia","7":"product_cat-magyarorszag","8":"product_cat-romania","9":"product_tag-3rd-auction","10":"product_tag-belyeg","11":"product_tag-marcophily-hu","12":"product_tag-postatortenet","13":"product_tag-unsold","15":"first","16":"instock","17":"sold-individually","18":"shipping-taxable","19":"purchasable","20":"product-type-simple"},"_links":{"self":[{"href":"https:\/\/stampcurio.com\/hu\/wp-json\/wp\/v2\/product\/27505","targetHints":{"allow":["GET"]}}],"collection":[{"href":"https:\/\/stampcurio.com\/hu\/wp-json\/wp\/v2\/product"}],"about":[{"href":"https:\/\/stampcurio.com\/hu\/wp-json\/wp\/v2\/types\/product"}],"wp:featuredmedia":[{"embeddable":true,"href":"https:\/\/stampcurio.com\/hu\/wp-json\/wp\/v2\/media\/29310"}],"wp:attachment":[{"href":"https:\/\/stampcurio.com\/hu\/wp-json\/wp\/v2\/media?parent=27505"}],"wp:term":[{"taxonomy":"product_brand","embeddable":true,"href":"https:\/\/stampcurio.com\/hu\/wp-json\/wp\/v2\/product_brand?post=27505"},{"taxonomy":"product_cat","embeddable":true,"href":"https:\/\/stampcurio.com\/hu\/wp-json\/wp\/v2\/product_cat?post=27505"},{"taxonomy":"product_tag","embeddable":true,"href":"https:\/\/stampcurio.com\/hu\/wp-json\/wp\/v2\/product_tag?post=27505"}],"curies":[{"name":"wp","href":"https:\/\/api.w.org\/{rel}","templated":true}]}}