{"id":27504,"date":"2025-11-24T16:30:22","date_gmt":"2025-11-24T15:30:22","guid":{"rendered":"https:\/\/stampcurio.com\/product\/1879-magyarorszag-1874-10-kr-par-kivagason-k-u-k-etappen-postamt-no-xxix-belyegzessel\/"},"modified":"2026-01-05T15:04:56","modified_gmt":"2026-01-05T14:04:56","slug":"1879-magyarorszag-bosznia-megszallasa-10-kr-par-kivagason-k-u-k-etappen-postamt-no-xxix-belyegzessel","status":"publish","type":"product","link":"https:\/\/stampcurio.com\/hu\/termek\/1879-magyarorszag-bosznia-megszallasa-10-kr-par-kivagason-k-u-k-etappen-postamt-no-xxix-belyegzessel\/","title":{"rendered":"1879 Magyarorsz\u00e1g &#8211; Bosznia megsz\u00e1ll\u00e1sa &#8211; 10 kr p\u00e1r kiv\u00e1g\u00e1son K.u.K Etappen-Postamt NO XXIX b\u00e9lyegz\u00e9ssel"},"content":{"rendered":"","protected":false},"excerpt":{"rendered":"","protected":false},"featured_media":31286,"template":"","meta":[],"product_brand":[],"product_cat":[1178,1222,1172],"product_tag":[1669,116,1041,89,1006],"class_list":{"0":"post-27504","1":"product","2":"type-product","3":"status-publish","4":"has-post-thumbnail","6":"product_cat-ausztria","7":"product_cat-bosznia-hercegovina","8":"product_cat-magyarorszag","9":"product_tag-3rd-auction","10":"product_tag-belyeg","11":"product_tag-marcophily-hu","12":"product_tag-postatortenet","13":"product_tag-unsold","15":"first","16":"instock","17":"sold-individually","18":"shipping-taxable","19":"purchasable","20":"product-type-simple"},"_links":{"self":[{"href":"https:\/\/stampcurio.com\/hu\/wp-json\/wp\/v2\/product\/27504","targetHints":{"allow":["GET"]}}],"collection":[{"href":"https:\/\/stampcurio.com\/hu\/wp-json\/wp\/v2\/product"}],"about":[{"href":"https:\/\/stampcurio.com\/hu\/wp-json\/wp\/v2\/types\/product"}],"wp:featuredmedia":[{"embeddable":true,"href":"https:\/\/stampcurio.com\/hu\/wp-json\/wp\/v2\/media\/31286"}],"wp:attachment":[{"href":"https:\/\/stampcurio.com\/hu\/wp-json\/wp\/v2\/media?parent=27504"}],"wp:term":[{"taxonomy":"product_brand","embeddable":true,"href":"https:\/\/stampcurio.com\/hu\/wp-json\/wp\/v2\/product_brand?post=27504"},{"taxonomy":"product_cat","embeddable":true,"href":"https:\/\/stampcurio.com\/hu\/wp-json\/wp\/v2\/product_cat?post=27504"},{"taxonomy":"product_tag","embeddable":true,"href":"https:\/\/stampcurio.com\/hu\/wp-json\/wp\/v2\/product_tag?post=27504"}],"curies":[{"name":"wp","href":"https:\/\/api.w.org\/{rel}","templated":true}]}}