{"id":27503,"date":"2025-11-24T16:30:22","date_gmt":"2025-11-24T15:30:22","guid":{"rendered":"https:\/\/stampcurio.com\/product\/1938-magyarorszag-legiposta-level-ausztraliaba-kuldve-a-feladaskor-felragasztott-160-pengo-nem-volt-eleg-ezert-a-dijhianyt-utkozben-potoltak-es-a-dijkulonbozetet-a-feladotol-szedtek-be\/"},"modified":"2026-01-07T15:06:30","modified_gmt":"2026-01-07T14:06:30","slug":"1938-magyarorszag-legiposta-level-ausztraliaba-kuldve-a-feladaskor-felragasztott-160-pengo-dij-nem-volt-elegendo-ezert-a-20-filler-dijhianyt-utkozben-potoltak-es-a-dijkulonbozetet-a-fela","status":"publish","type":"product","link":"https:\/\/stampcurio.com\/hu\/termek\/1938-magyarorszag-legiposta-level-ausztraliaba-kuldve-a-feladaskor-felragasztott-160-pengo-dij-nem-volt-elegendo-ezert-a-20-filler-dijhianyt-utkozben-potoltak-es-a-dijkulonbozetet-a-fela\/","title":{"rendered":"1938 Magyarorsz\u00e1g &#8211; L\u00e9giposta lev\u00e9l Ausztr\u00e1li\u00e1ba k\u00fcldve \u2013 a felad\u00e1skor felragasztott 1,60 Peng\u0151 d\u00edj nem volt elegend\u0151, ez\u00e9rt a 20 fill\u00e9r d\u00edjhi\u00e1nyt \u00fatk\u00f6zben p\u00f3tolt\u00e1k \u00e9s a d\u00edjk\u00fcl\u00f6nb\u00f6zetet a felad\u00f3t\u00f3l szedt\u00e9k be."},"content":{"rendered":"","protected":false},"excerpt":{"rendered":"<p>A 30as \u00e9vekben bevett gyakorlat volt a k\u00fclf\u00f6ldre men\u0151 levelek hi\u00e1nyz\u00f3 d\u00edj\u00e1nak ilyne m\u00f3don t\u00f6rt\u00e9n\u0151 ut\u00f3lagos beszed\u00e9se, \u00edgy a port\u00f3 d\u00edjat helyben szedt\u00e9k be \u00e9s nem a k\u00fclf\u00f6ldi postaigazgats\u00e1t &#8220;gazdag\u00edtotta&#8221;.<\/p>\n","protected":false},"featured_media":29304,"template":"","meta":[],"product_brand":[],"product_cat":[1218,1172],"product_tag":[1669,116,115,1041,176,108,89],"class_list":{"0":"post-27503","1":"product","2":"type-product","3":"status-publish","4":"has-post-thumbnail","6":"product_cat-ausztralia","7":"product_cat-magyarorszag","8":"product_tag-3rd-auction","9":"product_tag-belyeg","10":"product_tag-legiposta","11":"product_tag-marcophily-hu","12":"product_tag-philagem","13":"product_tag-porto","14":"product_tag-postatortenet","16":"first","17":"outofstock","18":"sold-individually","19":"shipping-taxable","20":"purchasable","21":"product-type-simple"},"_links":{"self":[{"href":"https:\/\/stampcurio.com\/hu\/wp-json\/wp\/v2\/product\/27503","targetHints":{"allow":["GET"]}}],"collection":[{"href":"https:\/\/stampcurio.com\/hu\/wp-json\/wp\/v2\/product"}],"about":[{"href":"https:\/\/stampcurio.com\/hu\/wp-json\/wp\/v2\/types\/product"}],"wp:featuredmedia":[{"embeddable":true,"href":"https:\/\/stampcurio.com\/hu\/wp-json\/wp\/v2\/media\/29304"}],"wp:attachment":[{"href":"https:\/\/stampcurio.com\/hu\/wp-json\/wp\/v2\/media?parent=27503"}],"wp:term":[{"taxonomy":"product_brand","embeddable":true,"href":"https:\/\/stampcurio.com\/hu\/wp-json\/wp\/v2\/product_brand?post=27503"},{"taxonomy":"product_cat","embeddable":true,"href":"https:\/\/stampcurio.com\/hu\/wp-json\/wp\/v2\/product_cat?post=27503"},{"taxonomy":"product_tag","embeddable":true,"href":"https:\/\/stampcurio.com\/hu\/wp-json\/wp\/v2\/product_tag?post=27503"}],"curies":[{"name":"wp","href":"https:\/\/api.w.org\/{rel}","templated":true}]}}