{"id":27502,"date":"2025-11-24T16:30:21","date_gmt":"2025-11-24T15:30:21","guid":{"rendered":"https:\/\/stampcurio.com\/product\/1919-szerbia-banat-bacska-parlament-75-filler-kettos-festekezesi-hibas-felulnyomattal-postatiszta-pruf-bodor\/"},"modified":"2026-01-05T15:04:56","modified_gmt":"2026-01-05T14:04:56","slug":"1919-romania-szerbia-banat-bacska-parlament-75-filler-festekezesi-hibas-felulnyomattal-postatiszta-pruf-bodor","status":"publish","type":"product","link":"https:\/\/stampcurio.com\/hu\/termek\/1919-romania-szerbia-banat-bacska-parlament-75-filler-festekezesi-hibas-felulnyomattal-postatiszta-pruf-bodor\/","title":{"rendered":"1919 Rom\u00e1nia \u2013 Szerbia \u2013 B\u00e1n\u00e1t-B\u00e1cska Parlament 75 fill\u00e9r fest\u00e9kez\u00e9si hib\u00e1s fel\u00fclnyomattal, postatiszta * | Pr\u00fcf: Bodor"},"content":{"rendered":"","protected":false},"excerpt":{"rendered":"","protected":false},"featured_media":31548,"template":"","meta":[],"product_brand":[],"product_cat":[1172,1208,1245],"product_tag":[1669,116,1332,217,1006],"class_list":{"0":"post-27502","1":"product","2":"type-product","3":"status-publish","4":"has-post-thumbnail","6":"product_cat-magyarorszag","7":"product_cat-romania","8":"product_cat-szerbia","9":"product_tag-3rd-auction","10":"product_tag-belyeg","11":"product_tag-helyi-kiadas","12":"product_tag-tevnyomat","13":"product_tag-unsold","15":"first","16":"instock","17":"sold-individually","18":"shipping-taxable","19":"purchasable","20":"product-type-simple"},"_links":{"self":[{"href":"https:\/\/stampcurio.com\/hu\/wp-json\/wp\/v2\/product\/27502","targetHints":{"allow":["GET"]}}],"collection":[{"href":"https:\/\/stampcurio.com\/hu\/wp-json\/wp\/v2\/product"}],"about":[{"href":"https:\/\/stampcurio.com\/hu\/wp-json\/wp\/v2\/types\/product"}],"wp:featuredmedia":[{"embeddable":true,"href":"https:\/\/stampcurio.com\/hu\/wp-json\/wp\/v2\/media\/31548"}],"wp:attachment":[{"href":"https:\/\/stampcurio.com\/hu\/wp-json\/wp\/v2\/media?parent=27502"}],"wp:term":[{"taxonomy":"product_brand","embeddable":true,"href":"https:\/\/stampcurio.com\/hu\/wp-json\/wp\/v2\/product_brand?post=27502"},{"taxonomy":"product_cat","embeddable":true,"href":"https:\/\/stampcurio.com\/hu\/wp-json\/wp\/v2\/product_cat?post=27502"},{"taxonomy":"product_tag","embeddable":true,"href":"https:\/\/stampcurio.com\/hu\/wp-json\/wp\/v2\/product_tag?post=27502"}],"curies":[{"name":"wp","href":"https:\/\/api.w.org\/{rel}","templated":true}]}}