{"id":27501,"date":"2025-11-24T16:30:21","date_gmt":"2025-11-24T15:30:21","guid":{"rendered":"https:\/\/stampcurio.com\/product\/1919-magyarorszag-szeged-francia-megszallas-piros-porto-20-filler-tevnyomat-a-kormany-szobol-hianyzik-az-r-betu-postatiszta-pruf-bodor-pape\/"},"modified":"2025-12-05T04:02:04","modified_gmt":"2025-12-05T03:02:04","slug":"1919-magyarorszag-szeged-pirosszamu-porto-20-filler-tevnyomat-a-kormany-szobol-hianyzik-az-r-betu-postatiszta-pruf-bodor-pape","status":"publish","type":"product","link":"https:\/\/stampcurio.com\/hu\/termek\/1919-magyarorszag-szeged-pirosszamu-porto-20-filler-tevnyomat-a-kormany-szobol-hianyzik-az-r-betu-postatiszta-pruf-bodor-pape\/","title":{"rendered":"1919 Magyarorsz\u00e1g &#8211; Szeged &#8211; pirossz\u00e1m\u00fa port\u00f3 20 fill\u00e9r t\u00e9vnyomat &#8211; a KORM\u00c1NY sz\u00f3b\u00f3l hi\u00e1nyzik az R bet\u0171, postatiszta * | Pr\u00fcf: Bodor + Pape"},"content":{"rendered":"","protected":false},"excerpt":{"rendered":"","protected":false},"featured_media":31298,"template":"","meta":[],"product_brand":[],"product_cat":[1181,1172],"product_tag":[1669,116,1332,217],"class_list":{"0":"post-27501","1":"product","2":"type-product","3":"status-publish","4":"has-post-thumbnail","6":"product_cat-franciaorszag","7":"product_cat-magyarorszag","8":"product_tag-3rd-auction","9":"product_tag-belyeg","10":"product_tag-helyi-kiadas","11":"product_tag-tevnyomat","13":"first","14":"outofstock","15":"sold-individually","16":"shipping-taxable","17":"purchasable","18":"product-type-simple"},"_links":{"self":[{"href":"https:\/\/stampcurio.com\/hu\/wp-json\/wp\/v2\/product\/27501","targetHints":{"allow":["GET"]}}],"collection":[{"href":"https:\/\/stampcurio.com\/hu\/wp-json\/wp\/v2\/product"}],"about":[{"href":"https:\/\/stampcurio.com\/hu\/wp-json\/wp\/v2\/types\/product"}],"wp:featuredmedia":[{"embeddable":true,"href":"https:\/\/stampcurio.com\/hu\/wp-json\/wp\/v2\/media\/31298"}],"wp:attachment":[{"href":"https:\/\/stampcurio.com\/hu\/wp-json\/wp\/v2\/media?parent=27501"}],"wp:term":[{"taxonomy":"product_brand","embeddable":true,"href":"https:\/\/stampcurio.com\/hu\/wp-json\/wp\/v2\/product_brand?post=27501"},{"taxonomy":"product_cat","embeddable":true,"href":"https:\/\/stampcurio.com\/hu\/wp-json\/wp\/v2\/product_cat?post=27501"},{"taxonomy":"product_tag","embeddable":true,"href":"https:\/\/stampcurio.com\/hu\/wp-json\/wp\/v2\/product_tag?post=27501"}],"curies":[{"name":"wp","href":"https:\/\/api.w.org\/{rel}","templated":true}]}}