{"id":27500,"date":"2025-11-24T16:30:20","date_gmt":"2025-11-24T15:30:20","guid":{"rendered":"https:\/\/stampcurio.com\/product\/1919-magyarorszag-szeged-francia-megszallas-hirlapbelyeg-tevnyomat-a-kormany-szobol-hianyzik-az-o-betu-postatiszta-pruf-bodor\/"},"modified":"2025-12-05T04:02:05","modified_gmt":"2025-12-05T03:02:05","slug":"1919-magyarorszag-szeged-francia-megszallas-hirlapbelyeg-tevnyomat-az-alapbelyegen-nyomashiany-a-jobb-oldalon-feher-folt-a-felulnyomaton-a-kormany-szobol-hianyzik-az-o-betu-postatiszt","status":"publish","type":"product","link":"https:\/\/stampcurio.com\/hu\/termek\/1919-magyarorszag-szeged-francia-megszallas-hirlapbelyeg-tevnyomat-az-alapbelyegen-nyomashiany-a-jobb-oldalon-feher-folt-a-felulnyomaton-a-kormany-szobol-hianyzik-az-o-betu-postatiszt\/","title":{"rendered":"1919 Magyarorsz\u00e1g &#8211; Szeged francia megsz\u00e1ll\u00e1s h\u00edrlapb\u00e9lyeg t\u00e9vnyomat \u2013 az alapb\u00e9lyegen nyom\u00e1shi\u00e1ny a jobb oldalon (feh\u00e9r folt) + a fel\u00fclnyomaton a KORM\u00c1NY sz\u00f3b\u00f3l hi\u00e1nyzik az O bet\u0171, postatiszta * | Pr\u00fcf: Bodor"},"content":{"rendered":"","protected":false},"excerpt":{"rendered":"","protected":false},"featured_media":31566,"template":"","meta":[],"product_brand":[],"product_cat":[1181,1172],"product_tag":[1669,116,1332,217],"class_list":{"0":"post-27500","1":"product","2":"type-product","3":"status-publish","4":"has-post-thumbnail","6":"product_cat-franciaorszag","7":"product_cat-magyarorszag","8":"product_tag-3rd-auction","9":"product_tag-belyeg","10":"product_tag-helyi-kiadas","11":"product_tag-tevnyomat","13":"first","14":"outofstock","15":"sold-individually","16":"shipping-taxable","17":"purchasable","18":"product-type-simple"},"_links":{"self":[{"href":"https:\/\/stampcurio.com\/hu\/wp-json\/wp\/v2\/product\/27500","targetHints":{"allow":["GET"]}}],"collection":[{"href":"https:\/\/stampcurio.com\/hu\/wp-json\/wp\/v2\/product"}],"about":[{"href":"https:\/\/stampcurio.com\/hu\/wp-json\/wp\/v2\/types\/product"}],"wp:featuredmedia":[{"embeddable":true,"href":"https:\/\/stampcurio.com\/hu\/wp-json\/wp\/v2\/media\/31566"}],"wp:attachment":[{"href":"https:\/\/stampcurio.com\/hu\/wp-json\/wp\/v2\/media?parent=27500"}],"wp:term":[{"taxonomy":"product_brand","embeddable":true,"href":"https:\/\/stampcurio.com\/hu\/wp-json\/wp\/v2\/product_brand?post=27500"},{"taxonomy":"product_cat","embeddable":true,"href":"https:\/\/stampcurio.com\/hu\/wp-json\/wp\/v2\/product_cat?post=27500"},{"taxonomy":"product_tag","embeddable":true,"href":"https:\/\/stampcurio.com\/hu\/wp-json\/wp\/v2\/product_tag?post=27500"}],"curies":[{"name":"wp","href":"https:\/\/api.w.org\/{rel}","templated":true}]}}