{"id":27499,"date":"2025-11-24T16:30:20","date_gmt":"2025-11-24T15:30:20","guid":{"rendered":"https:\/\/stampcurio.com\/product\/1919-magyarorszag-szeged-francia-megszallas-hirlapbelyeg-tulfestekezett-felulnyomas-hatoldalan-tulfestekezett-gepszinatnyomat-erdekes-postatiszta-darab-pruf-bodor\/"},"modified":"2026-01-05T15:04:57","modified_gmt":"2026-01-05T14:04:57","slug":"1919-magyarorszag-szeged-hirlapbelyeg-tulfestekezett-felulnyomas-hatoldalan-tulfestekezettsegbol-adodo-gepszinatnyomat-latvanyos-postatiszta-darab-pruf-bodor","status":"publish","type":"product","link":"https:\/\/stampcurio.com\/hu\/termek\/1919-magyarorszag-szeged-hirlapbelyeg-tulfestekezett-felulnyomas-hatoldalan-tulfestekezettsegbol-adodo-gepszinatnyomat-latvanyos-postatiszta-darab-pruf-bodor\/","title":{"rendered":"1919 Magyarorsz\u00e1g &#8211; Szeged &#8211; h\u00edrlapb\u00e9lyeg t\u00falfest\u00e9kezett fel\u00fclnyom\u00e1s h\u00e1toldal\u00e1n t\u00falfest\u00e9kezetts\u00e9gb\u0151l ad\u00f3d\u00f3 g\u00e9psz\u00edn\u00e1tnyomat, l\u00e1tv\u00e1nyos, postatiszta * darab | Pr\u00fcf: Bodor"},"content":{"rendered":"","protected":false},"excerpt":{"rendered":"","protected":false},"featured_media":31280,"template":"","meta":[],"product_brand":[],"product_cat":[1181,1172],"product_tag":[1669,116,1332,217,1006],"class_list":{"0":"post-27499","1":"product","2":"type-product","3":"status-publish","4":"has-post-thumbnail","6":"product_cat-franciaorszag","7":"product_cat-magyarorszag","8":"product_tag-3rd-auction","9":"product_tag-belyeg","10":"product_tag-helyi-kiadas","11":"product_tag-tevnyomat","12":"product_tag-unsold","14":"first","15":"instock","16":"sold-individually","17":"shipping-taxable","18":"purchasable","19":"product-type-simple"},"_links":{"self":[{"href":"https:\/\/stampcurio.com\/hu\/wp-json\/wp\/v2\/product\/27499","targetHints":{"allow":["GET"]}}],"collection":[{"href":"https:\/\/stampcurio.com\/hu\/wp-json\/wp\/v2\/product"}],"about":[{"href":"https:\/\/stampcurio.com\/hu\/wp-json\/wp\/v2\/types\/product"}],"wp:featuredmedia":[{"embeddable":true,"href":"https:\/\/stampcurio.com\/hu\/wp-json\/wp\/v2\/media\/31280"}],"wp:attachment":[{"href":"https:\/\/stampcurio.com\/hu\/wp-json\/wp\/v2\/media?parent=27499"}],"wp:term":[{"taxonomy":"product_brand","embeddable":true,"href":"https:\/\/stampcurio.com\/hu\/wp-json\/wp\/v2\/product_brand?post=27499"},{"taxonomy":"product_cat","embeddable":true,"href":"https:\/\/stampcurio.com\/hu\/wp-json\/wp\/v2\/product_cat?post=27499"},{"taxonomy":"product_tag","embeddable":true,"href":"https:\/\/stampcurio.com\/hu\/wp-json\/wp\/v2\/product_tag?post=27499"}],"curies":[{"name":"wp","href":"https:\/\/api.w.org\/{rel}","templated":true}]}}