{"id":27498,"date":"2025-11-24T16:30:20","date_gmt":"2025-11-24T15:30:20","guid":{"rendered":"https:\/\/stampcurio.com\/product\/1874-magyarorszag-upu-elotti-tarifaval-kuldott-rendkivul-csinos-kis-alaku-boritek-budapestrol-franciaorszagba-kuldve-attest-ferchenbauer\/"},"modified":"2026-01-05T15:04:57","modified_gmt":"2026-01-05T14:04:57","slug":"1871-magyarorszag-upu-elotti-tarifaval-kuldott-1874-rendkivul-csinos-kis-alaku-boritek-budapestrol-franciaorszagba-kuldve-attest-ferchenbauer","status":"publish","type":"product","link":"https:\/\/stampcurio.com\/hu\/termek\/1871-magyarorszag-upu-elotti-tarifaval-kuldott-1874-rendkivul-csinos-kis-alaku-boritek-budapestrol-franciaorszagba-kuldve-attest-ferchenbauer\/","title":{"rendered":"1871 Magyarorsz\u00e1g &#8211; UPU el\u0151tti tarif\u00e1val k\u00fcld\u00f6tt (1874), rendk\u00edv\u00fcl csinos, kis alak\u00fa bor\u00edt\u00e9k Budapestr\u0151l Franciaorsz\u00e1gba k\u00fcldve | Attest: Ferchenbauer"},"content":{"rendered":"","protected":false},"excerpt":{"rendered":"<p>H\u00e1rom sz\u00edn\u0171, n\u00e9gyb\u00e9lyeges r\u00e9znyomatos b\u00e9rmentes\u00edt\u00e9ssel &#8211; remek darab!<\/p>\n","protected":false},"featured_media":29279,"template":"","meta":[],"product_brand":[],"product_cat":[1181,1172],"product_tag":[1669,116,176,89,1006],"class_list":{"0":"post-27498","1":"product","2":"type-product","3":"status-publish","4":"has-post-thumbnail","6":"product_cat-franciaorszag","7":"product_cat-magyarorszag","8":"product_tag-3rd-auction","9":"product_tag-belyeg","10":"product_tag-philagem","11":"product_tag-postatortenet","12":"product_tag-unsold","14":"first","15":"instock","16":"sold-individually","17":"shipping-taxable","18":"purchasable","19":"product-type-simple"},"_links":{"self":[{"href":"https:\/\/stampcurio.com\/hu\/wp-json\/wp\/v2\/product\/27498","targetHints":{"allow":["GET"]}}],"collection":[{"href":"https:\/\/stampcurio.com\/hu\/wp-json\/wp\/v2\/product"}],"about":[{"href":"https:\/\/stampcurio.com\/hu\/wp-json\/wp\/v2\/types\/product"}],"wp:featuredmedia":[{"embeddable":true,"href":"https:\/\/stampcurio.com\/hu\/wp-json\/wp\/v2\/media\/29279"}],"wp:attachment":[{"href":"https:\/\/stampcurio.com\/hu\/wp-json\/wp\/v2\/media?parent=27498"}],"wp:term":[{"taxonomy":"product_brand","embeddable":true,"href":"https:\/\/stampcurio.com\/hu\/wp-json\/wp\/v2\/product_brand?post=27498"},{"taxonomy":"product_cat","embeddable":true,"href":"https:\/\/stampcurio.com\/hu\/wp-json\/wp\/v2\/product_cat?post=27498"},{"taxonomy":"product_tag","embeddable":true,"href":"https:\/\/stampcurio.com\/hu\/wp-json\/wp\/v2\/product_tag?post=27498"}],"curies":[{"name":"wp","href":"https:\/\/api.w.org\/{rel}","templated":true}]}}