{"id":27497,"date":"2025-11-24T16:30:19","date_gmt":"2025-11-24T15:30:19","guid":{"rendered":"https:\/\/stampcurio.com\/product\/1900-januar-2-magyarorszag-upu-dijjegyes-tarifahelyes-levelezolap-tarifahelyes-a-gapu-teruletere-nemetorszagba-kuldve-a-senf-ceg-szamara-korai-2-napi-kuldemeny\/"},"modified":"2026-01-05T15:04:57","modified_gmt":"2026-01-05T14:04:57","slug":"1900-magyarorszag-tarifahelyes-gapu-teruleten-ervenyes-dijjegyes-levelezolap-masodik-napi-koznapi-felhasznalassal-nemetorszagba-kuldve-a-senf-ceg-szamara","status":"publish","type":"product","link":"https:\/\/stampcurio.com\/hu\/termek\/1900-magyarorszag-tarifahelyes-gapu-teruleten-ervenyes-dijjegyes-levelezolap-masodik-napi-koznapi-felhasznalassal-nemetorszagba-kuldve-a-senf-ceg-szamara\/","title":{"rendered":"1900 Magyarorsz\u00e1g &#8211; tarifahelyes GAPU ter\u00fcleten \u00e9rv\u00e9nyes d\u00edjjegyes levelez\u0151lap m\u00e1sodik napi (!) k\u00f6znapi felhaszn\u00e1l\u00e1ssal N\u00e9metorsz\u00e1gba k\u00fcldve a SENF c\u00e9g sz\u00e1m\u00e1ra"},"content":{"rendered":"","protected":false},"excerpt":{"rendered":"","protected":false},"featured_media":29295,"template":"","meta":[],"product_brand":[],"product_cat":[1172],"product_tag":[1669,74,89,1006],"class_list":{"0":"post-27497","1":"product","2":"type-product","3":"status-publish","4":"has-post-thumbnail","6":"product_cat-magyarorszag","7":"product_tag-3rd-auction","8":"product_tag-dijjegyes","9":"product_tag-postatortenet","10":"product_tag-unsold","12":"first","13":"instock","14":"sold-individually","15":"shipping-taxable","16":"purchasable","17":"product-type-simple"},"_links":{"self":[{"href":"https:\/\/stampcurio.com\/hu\/wp-json\/wp\/v2\/product\/27497","targetHints":{"allow":["GET"]}}],"collection":[{"href":"https:\/\/stampcurio.com\/hu\/wp-json\/wp\/v2\/product"}],"about":[{"href":"https:\/\/stampcurio.com\/hu\/wp-json\/wp\/v2\/types\/product"}],"wp:featuredmedia":[{"embeddable":true,"href":"https:\/\/stampcurio.com\/hu\/wp-json\/wp\/v2\/media\/29295"}],"wp:attachment":[{"href":"https:\/\/stampcurio.com\/hu\/wp-json\/wp\/v2\/media?parent=27497"}],"wp:term":[{"taxonomy":"product_brand","embeddable":true,"href":"https:\/\/stampcurio.com\/hu\/wp-json\/wp\/v2\/product_brand?post=27497"},{"taxonomy":"product_cat","embeddable":true,"href":"https:\/\/stampcurio.com\/hu\/wp-json\/wp\/v2\/product_cat?post=27497"},{"taxonomy":"product_tag","embeddable":true,"href":"https:\/\/stampcurio.com\/hu\/wp-json\/wp\/v2\/product_tag?post=27497"}],"curies":[{"name":"wp","href":"https:\/\/api.w.org\/{rel}","templated":true}]}}