{"id":27496,"date":"2025-11-24T16:30:19","date_gmt":"2025-11-24T15:30:19","guid":{"rendered":"https:\/\/stampcurio.com\/product\/1938-magyarorszag-legiposta-level-japanba-kuldve-130-pengo-elegtelen-bermentesitessel-feladva-ezert-a-szukseges-60-fillert-a-fopostan-potoltak-es-a-dijhianyt-a-feladotol-szedtek-be\/"},"modified":"2026-01-05T15:04:57","modified_gmt":"2026-01-05T14:04:57","slug":"1938-magyarorszag-legiposta-level-japanba-kuldve-130-pengo-elegtelen-bermentesitessel-feladva-ezert-a-szukseges-60-fillert-a-fopostan-potoltak-es-a-dijhianyt-a-feladotol-utolag-szedtek-b","status":"publish","type":"product","link":"https:\/\/stampcurio.com\/hu\/termek\/1938-magyarorszag-legiposta-level-japanba-kuldve-130-pengo-elegtelen-bermentesitessel-feladva-ezert-a-szukseges-60-fillert-a-fopostan-potoltak-es-a-dijhianyt-a-feladotol-utolag-szedtek-b\/","title":{"rendered":"1938 Magyarorsz\u00e1g &#8211; L\u00e9giposta lev\u00e9l Jap\u00e1nba k\u00fcldve \u2013 1,30 peng\u0151 el\u00e9gtelen b\u00e9rmentes\u00edt\u00e9ssel feladva, ez\u00e9rt a sz\u00fcks\u00e9ges 60 fill\u00e9rt a F\u0151post\u00e1n p\u00f3tolt\u00e1k \u00e9s a d\u00edjhi\u00e1nyt a felad\u00f3t\u00f3l ut\u00f3lag szedt\u00e9k be az erre rendszeres\u00edtett formanyomtatv\u00e1nyon."},"content":{"rendered":"","protected":false},"excerpt":{"rendered":"<p>A 30as \u00e9vekben bevett gyakorlat volt a k\u00fclf\u00f6ldre men\u0151 levelek hi\u00e1nyz\u00f3 d\u00edj\u00e1nak ilyne m\u00f3don t\u00f6rt\u00e9n\u0151 ut\u00f3lagos beszed\u00e9se, \u00edgy a port\u00f3 d\u00edjat helyben szedt\u00e9k be \u00e9s nem a k\u00fclf\u00f6ldi postaigazgats\u00e1t &#8220;gazdag\u00edtotta&#8221;.<\/p>\n","protected":false},"featured_media":29273,"template":"","meta":[],"product_brand":[],"product_cat":[1184,1172],"product_tag":[1669,116,115,1041,176,108,89,1006],"class_list":{"0":"post-27496","1":"product","2":"type-product","3":"status-publish","4":"has-post-thumbnail","6":"product_cat-japan","7":"product_cat-magyarorszag","8":"product_tag-3rd-auction","9":"product_tag-belyeg","10":"product_tag-legiposta","11":"product_tag-marcophily-hu","12":"product_tag-philagem","13":"product_tag-porto","14":"product_tag-postatortenet","15":"product_tag-unsold","17":"first","18":"instock","19":"sold-individually","20":"shipping-taxable","21":"purchasable","22":"product-type-simple"},"_links":{"self":[{"href":"https:\/\/stampcurio.com\/hu\/wp-json\/wp\/v2\/product\/27496","targetHints":{"allow":["GET"]}}],"collection":[{"href":"https:\/\/stampcurio.com\/hu\/wp-json\/wp\/v2\/product"}],"about":[{"href":"https:\/\/stampcurio.com\/hu\/wp-json\/wp\/v2\/types\/product"}],"wp:featuredmedia":[{"embeddable":true,"href":"https:\/\/stampcurio.com\/hu\/wp-json\/wp\/v2\/media\/29273"}],"wp:attachment":[{"href":"https:\/\/stampcurio.com\/hu\/wp-json\/wp\/v2\/media?parent=27496"}],"wp:term":[{"taxonomy":"product_brand","embeddable":true,"href":"https:\/\/stampcurio.com\/hu\/wp-json\/wp\/v2\/product_brand?post=27496"},{"taxonomy":"product_cat","embeddable":true,"href":"https:\/\/stampcurio.com\/hu\/wp-json\/wp\/v2\/product_cat?post=27496"},{"taxonomy":"product_tag","embeddable":true,"href":"https:\/\/stampcurio.com\/hu\/wp-json\/wp\/v2\/product_tag?post=27496"}],"curies":[{"name":"wp","href":"https:\/\/api.w.org\/{rel}","templated":true}]}}