{"id":27495,"date":"2025-11-24T16:30:18","date_gmt":"2025-11-24T15:30:18","guid":{"rendered":"https:\/\/stampcurio.com\/product\/1923-magyarorszag-koronas-madonna-100-koronas-erteke-rezmetszet-bordazott-papiron-hellbing-f-jelzessel-a-belyeg-tervezoje\/"},"modified":"2025-12-05T04:02:06","modified_gmt":"2025-12-05T03:02:06","slug":"1923-magyarorszag-rezmetszet-koronas-madonna-100-koronas-erteke-hellbing-f-jelzessel-a-belyeg-tervezoje-bordazott-papiron","status":"publish","type":"product","link":"https:\/\/stampcurio.com\/hu\/termek\/1923-magyarorszag-rezmetszet-koronas-madonna-100-koronas-erteke-hellbing-f-jelzessel-a-belyeg-tervezoje-bordazott-papiron\/","title":{"rendered":"1923 Magyarorsz\u00e1g &#8211; R\u00e9zmetszet, Koron\u00e1s Madonna 100 koron\u00e1s \u00e9rt\u00e9ke Hellbing F. jelz\u00e9ssel (a b\u00e9lyeg tervez\u0151je), bord\u00e1zott pap\u00edron"},"content":{"rendered":"","protected":false},"excerpt":{"rendered":"","protected":false},"featured_media":30748,"template":"","meta":[],"product_brand":[],"product_cat":[1172],"product_tag":[1669,116,1377],"class_list":{"0":"post-27495","1":"product","2":"type-product","3":"status-publish","4":"has-post-thumbnail","6":"product_cat-magyarorszag","7":"product_tag-3rd-auction","8":"product_tag-belyeg","9":"product_tag-belyegterv","11":"first","12":"outofstock","13":"sold-individually","14":"shipping-taxable","15":"purchasable","16":"product-type-simple"},"_links":{"self":[{"href":"https:\/\/stampcurio.com\/hu\/wp-json\/wp\/v2\/product\/27495","targetHints":{"allow":["GET"]}}],"collection":[{"href":"https:\/\/stampcurio.com\/hu\/wp-json\/wp\/v2\/product"}],"about":[{"href":"https:\/\/stampcurio.com\/hu\/wp-json\/wp\/v2\/types\/product"}],"wp:featuredmedia":[{"embeddable":true,"href":"https:\/\/stampcurio.com\/hu\/wp-json\/wp\/v2\/media\/30748"}],"wp:attachment":[{"href":"https:\/\/stampcurio.com\/hu\/wp-json\/wp\/v2\/media?parent=27495"}],"wp:term":[{"taxonomy":"product_brand","embeddable":true,"href":"https:\/\/stampcurio.com\/hu\/wp-json\/wp\/v2\/product_brand?post=27495"},{"taxonomy":"product_cat","embeddable":true,"href":"https:\/\/stampcurio.com\/hu\/wp-json\/wp\/v2\/product_cat?post=27495"},{"taxonomy":"product_tag","embeddable":true,"href":"https:\/\/stampcurio.com\/hu\/wp-json\/wp\/v2\/product_tag?post=27495"}],"curies":[{"name":"wp","href":"https:\/\/api.w.org\/{rel}","templated":true}]}}