{"id":27494,"date":"2025-11-24T16:30:18","date_gmt":"2025-11-24T15:30:18","guid":{"rendered":"https:\/\/stampcurio.com\/product\/1904-magyarorszag-turul-50-filler-sotetborvoros-a1-vizjelallasu-tenylegesen-hasznalt-otoscsik-a-jobb-szelso-belyeg-sarka-falccal-visszaerositve\/"},"modified":"2026-01-05T15:04:58","modified_gmt":"2026-01-05T14:04:58","slug":"1904-magyarorszag-turul-50-filler-sotetborvoros-a1-vizjelallasu-tenylegesen-hasznalt-otoscsik-a-jobb-szelso-belyeg-serult-phu-95-eur-csak-az-alapbelyeg","status":"publish","type":"product","link":"https:\/\/stampcurio.com\/hu\/termek\/1904-magyarorszag-turul-50-filler-sotetborvoros-a1-vizjelallasu-tenylegesen-hasznalt-otoscsik-a-jobb-szelso-belyeg-serult-phu-95-eur-csak-az-alapbelyeg\/","title":{"rendered":"1904 Magyarorsz\u00e1g &#8211; Turul 50 fill\u00e9r s\u00f6t\u00e9tborv\u00f6r\u00f6s A1 v\u00edzjel\u00e1ll\u00e1s\u00fa, t\u00e9nylegesen haszn\u00e1lt \u00f6t\u00f6scs\u00edk, a jobb sz\u00e9ls\u0151 b\u00e9lyeg s\u00e9r\u00fclt PHu: 95++ EUR (csak az alapb\u00e9lyeg)"},"content":{"rendered":"","protected":false},"excerpt":{"rendered":"<p>A legnagyobb ismert cs\u00edk \u00e9s tal\u00e1n a legnagyobb ismert \u00f6sszef\u00fcgg\u00e9s!<\/p>\n","protected":false},"featured_media":31560,"template":"","meta":[],"product_brand":[],"product_cat":[1172],"product_tag":[1669,116,1006],"class_list":{"0":"post-27494","1":"product","2":"type-product","3":"status-publish","4":"has-post-thumbnail","6":"product_cat-magyarorszag","7":"product_tag-3rd-auction","8":"product_tag-belyeg","9":"product_tag-unsold","11":"first","12":"instock","13":"sold-individually","14":"shipping-taxable","15":"purchasable","16":"product-type-simple"},"_links":{"self":[{"href":"https:\/\/stampcurio.com\/hu\/wp-json\/wp\/v2\/product\/27494","targetHints":{"allow":["GET"]}}],"collection":[{"href":"https:\/\/stampcurio.com\/hu\/wp-json\/wp\/v2\/product"}],"about":[{"href":"https:\/\/stampcurio.com\/hu\/wp-json\/wp\/v2\/types\/product"}],"wp:featuredmedia":[{"embeddable":true,"href":"https:\/\/stampcurio.com\/hu\/wp-json\/wp\/v2\/media\/31560"}],"wp:attachment":[{"href":"https:\/\/stampcurio.com\/hu\/wp-json\/wp\/v2\/media?parent=27494"}],"wp:term":[{"taxonomy":"product_brand","embeddable":true,"href":"https:\/\/stampcurio.com\/hu\/wp-json\/wp\/v2\/product_brand?post=27494"},{"taxonomy":"product_cat","embeddable":true,"href":"https:\/\/stampcurio.com\/hu\/wp-json\/wp\/v2\/product_cat?post=27494"},{"taxonomy":"product_tag","embeddable":true,"href":"https:\/\/stampcurio.com\/hu\/wp-json\/wp\/v2\/product_tag?post=27494"}],"curies":[{"name":"wp","href":"https:\/\/api.w.org\/{rel}","templated":true}]}}