{"id":27493,"date":"2025-11-24T16:30:18","date_gmt":"2025-11-24T15:30:18","guid":{"rendered":"https:\/\/stampcurio.com\/product\/1913-magyarorszag-turul-arviz-60-filler-probanyomat-sotetbarna-papiron-a-60-as-ertekszam-probanyomata-a-papir-mindket-oldalan-az-egyik-oldalan-60-filleres-vegleges-szinevel-keszult\/"},"modified":"2026-01-05T15:04:58","modified_gmt":"2026-01-05T14:04:58","slug":"1913-magyarorszag-turul-arviz-60-filler-probanyomat-a-vegleges-szinben-barna-papiron-es-a-60-as-ertekszam-tobbszoros-probanyomata-a-papir-mindket-oldalan","status":"publish","type":"product","link":"https:\/\/stampcurio.com\/hu\/termek\/1913-magyarorszag-turul-arviz-60-filler-probanyomat-a-vegleges-szinben-barna-papiron-es-a-60-as-ertekszam-tobbszoros-probanyomata-a-papir-mindket-oldalan\/","title":{"rendered":"1913 Magyarorsz\u00e1g &#8211; Turul \u00c1rv\u00edz 60 fill\u00e9r pr\u00f3banyomat a v\u00e9gleges sz\u00ednben barna pap\u00edron \u00e9s a 60-as \u00e9rt\u00e9ksz\u00e1m t\u00f6bbsz\u00f6r\u00f6s pr\u00f3banyomata a pap\u00edr mindk\u00e9t oldal\u00e1n."},"content":{"rendered":"","protected":false},"excerpt":{"rendered":"<p>Szolid v\u00edzszintes hajt\u00e1snyom.<\/p>\n","protected":false},"featured_media":31758,"template":"","meta":[],"product_brand":[],"product_cat":[1172],"product_tag":[1669,116,390,1006],"class_list":{"0":"post-27493","1":"product","2":"type-product","3":"status-publish","4":"has-post-thumbnail","6":"product_cat-magyarorszag","7":"product_tag-3rd-auction","8":"product_tag-belyeg","9":"product_tag-probanyomat","10":"product_tag-unsold","12":"first","13":"instock","14":"sold-individually","15":"shipping-taxable","16":"purchasable","17":"product-type-simple"},"_links":{"self":[{"href":"https:\/\/stampcurio.com\/hu\/wp-json\/wp\/v2\/product\/27493","targetHints":{"allow":["GET"]}}],"collection":[{"href":"https:\/\/stampcurio.com\/hu\/wp-json\/wp\/v2\/product"}],"about":[{"href":"https:\/\/stampcurio.com\/hu\/wp-json\/wp\/v2\/types\/product"}],"wp:featuredmedia":[{"embeddable":true,"href":"https:\/\/stampcurio.com\/hu\/wp-json\/wp\/v2\/media\/31758"}],"wp:attachment":[{"href":"https:\/\/stampcurio.com\/hu\/wp-json\/wp\/v2\/media?parent=27493"}],"wp:term":[{"taxonomy":"product_brand","embeddable":true,"href":"https:\/\/stampcurio.com\/hu\/wp-json\/wp\/v2\/product_brand?post=27493"},{"taxonomy":"product_cat","embeddable":true,"href":"https:\/\/stampcurio.com\/hu\/wp-json\/wp\/v2\/product_cat?post=27493"},{"taxonomy":"product_tag","embeddable":true,"href":"https:\/\/stampcurio.com\/hu\/wp-json\/wp\/v2\/product_tag?post=27493"}],"curies":[{"name":"wp","href":"https:\/\/api.w.org\/{rel}","templated":true}]}}