{"id":27492,"date":"2025-11-24T16:30:17","date_gmt":"2025-11-24T15:30:17","guid":{"rendered":"https:\/\/stampcurio.com\/product\/1969-magyarorszag-festmenyek-vi-vagott-blokk-postatiszta-a-belyeg-kereten-kivul-nagyobbra-vagva\/"},"modified":"2026-01-05T15:04:59","modified_gmt":"2026-01-05T14:04:59","slug":"1969-magyarorszag-festmenyek-vi-vagott-blokk-postatiszta-a-belyeg-kereten-kivul-nagyobbra-vagva","status":"publish","type":"product","link":"https:\/\/stampcurio.com\/hu\/termek\/1969-magyarorszag-festmenyek-vi-vagott-blokk-postatiszta-a-belyeg-kereten-kivul-nagyobbra-vagva\/","title":{"rendered":"1969 Magyarorsz\u00e1g &#8211; Festm\u00e9nyek VI. v\u00e1gott blokk postatiszta *, a b\u00e9lyeg kereten k\u00edv\u00fcl nagyobbra v\u00e1gva"},"content":{"rendered":"","protected":false},"excerpt":{"rendered":"<p>Enyvez\u00e9sen apr\u00f3bb hib\u00e1k.<\/p>\n","protected":false},"featured_media":33671,"template":"","meta":[],"product_brand":[],"product_cat":[1172],"product_tag":[1669,116,217,1006],"class_list":{"0":"post-27492","1":"product","2":"type-product","3":"status-publish","4":"has-post-thumbnail","6":"product_cat-magyarorszag","7":"product_tag-3rd-auction","8":"product_tag-belyeg","9":"product_tag-tevnyomat","10":"product_tag-unsold","12":"first","13":"instock","14":"sold-individually","15":"shipping-taxable","16":"purchasable","17":"product-type-simple"},"_links":{"self":[{"href":"https:\/\/stampcurio.com\/hu\/wp-json\/wp\/v2\/product\/27492","targetHints":{"allow":["GET"]}}],"collection":[{"href":"https:\/\/stampcurio.com\/hu\/wp-json\/wp\/v2\/product"}],"about":[{"href":"https:\/\/stampcurio.com\/hu\/wp-json\/wp\/v2\/types\/product"}],"wp:featuredmedia":[{"embeddable":true,"href":"https:\/\/stampcurio.com\/hu\/wp-json\/wp\/v2\/media\/33671"}],"wp:attachment":[{"href":"https:\/\/stampcurio.com\/hu\/wp-json\/wp\/v2\/media?parent=27492"}],"wp:term":[{"taxonomy":"product_brand","embeddable":true,"href":"https:\/\/stampcurio.com\/hu\/wp-json\/wp\/v2\/product_brand?post=27492"},{"taxonomy":"product_cat","embeddable":true,"href":"https:\/\/stampcurio.com\/hu\/wp-json\/wp\/v2\/product_cat?post=27492"},{"taxonomy":"product_tag","embeddable":true,"href":"https:\/\/stampcurio.com\/hu\/wp-json\/wp\/v2\/product_tag?post=27492"}],"curies":[{"name":"wp","href":"https:\/\/api.w.org\/{rel}","templated":true}]}}