{"id":27491,"date":"2025-11-24T16:30:17","date_gmt":"2025-11-24T15:30:17","guid":{"rendered":"https:\/\/stampcurio.com\/product\/1919-magyarorszag-szeged-francia-megszallas-45f-3f-elcsuszott-felulnyomattal-postatiszta-20f-2f-postatiszta-hatoldalan-a-felulnyomat-gepszinatnyomataval\/"},"modified":"2026-01-05T15:04:58","modified_gmt":"2026-01-05T14:04:58","slug":"1919-magyarorszag-szeged-45f-3f-es-20f-2f-elcsuszott-felulnyomatokkal-postatiszta-a-20f-2f-hatoldalan-a-felulnyomat-gepszinatnyomataval","status":"publish","type":"product","link":"https:\/\/stampcurio.com\/hu\/termek\/1919-magyarorszag-szeged-45f-3f-es-20f-2f-elcsuszott-felulnyomatokkal-postatiszta-a-20f-2f-hatoldalan-a-felulnyomat-gepszinatnyomataval\/","title":{"rendered":"1919 Magyarorsz\u00e1g &#8211; Szeged &#8211; 45f \/ 3f \u00e9s 20f \/ 2f elcs\u00faszott fel\u00fclnyomatokkal postatiszta * , a 20f \/ 2f h\u00e1toldal\u00e1n a fel\u00fclnyomat g\u00e9psz\u00edn\u00e1tnyomat\u00e1val"},"content":{"rendered":"","protected":false},"excerpt":{"rendered":"","protected":false},"featured_media":35995,"template":"","meta":[],"product_brand":[],"product_cat":[1181,1172],"product_tag":[1669,116,1332,217,1006],"class_list":{"0":"post-27491","1":"product","2":"type-product","3":"status-publish","4":"has-post-thumbnail","6":"product_cat-franciaorszag","7":"product_cat-magyarorszag","8":"product_tag-3rd-auction","9":"product_tag-belyeg","10":"product_tag-helyi-kiadas","11":"product_tag-tevnyomat","12":"product_tag-unsold","14":"first","15":"instock","16":"sold-individually","17":"shipping-taxable","18":"purchasable","19":"product-type-simple"},"_links":{"self":[{"href":"https:\/\/stampcurio.com\/hu\/wp-json\/wp\/v2\/product\/27491","targetHints":{"allow":["GET"]}}],"collection":[{"href":"https:\/\/stampcurio.com\/hu\/wp-json\/wp\/v2\/product"}],"about":[{"href":"https:\/\/stampcurio.com\/hu\/wp-json\/wp\/v2\/types\/product"}],"wp:featuredmedia":[{"embeddable":true,"href":"https:\/\/stampcurio.com\/hu\/wp-json\/wp\/v2\/media\/35995"}],"wp:attachment":[{"href":"https:\/\/stampcurio.com\/hu\/wp-json\/wp\/v2\/media?parent=27491"}],"wp:term":[{"taxonomy":"product_brand","embeddable":true,"href":"https:\/\/stampcurio.com\/hu\/wp-json\/wp\/v2\/product_brand?post=27491"},{"taxonomy":"product_cat","embeddable":true,"href":"https:\/\/stampcurio.com\/hu\/wp-json\/wp\/v2\/product_cat?post=27491"},{"taxonomy":"product_tag","embeddable":true,"href":"https:\/\/stampcurio.com\/hu\/wp-json\/wp\/v2\/product_tag?post=27491"}],"curies":[{"name":"wp","href":"https:\/\/api.w.org\/{rel}","templated":true}]}}