{"id":27489,"date":"2025-11-24T16:30:16","date_gmt":"2025-11-24T15:30:16","guid":{"rendered":"https:\/\/stampcurio.com\/product\/1919-magyarorszag-baranya-i-zita-40-filler-fekete-es-cinober-baranya-felulnyomattal-phu-45-eur\/"},"modified":"2026-01-07T12:44:25","modified_gmt":"2026-01-07T11:44:25","slug":"1919-magyarorszag-baranya-i-zita-40-filler-fekete-es-cinober-felulnyomattal-pruf-bodor-phu-45-eur","status":"publish","type":"product","link":"https:\/\/stampcurio.com\/hu\/termek\/1919-magyarorszag-baranya-i-zita-40-filler-fekete-es-cinober-felulnyomattal-pruf-bodor-phu-45-eur\/","title":{"rendered":"1919 Magyarorsz\u00e1g &#8211; Baranya I. Zita 40 fill\u00e9r fekete \u00e9s cin\u00f3ber fel\u00fclnyomattal | Pr\u00fcf: Bodor | PHu: 45 EUR"},"content":{"rendered":"","protected":false},"excerpt":{"rendered":"<p>Fekete postatiszta **, a cin\u00f3ber fel\u00fclnyomat enyvez\u00e9se nem t\u00f6k\u00e9letes ez\u00e9rt csak * \u00e1ron van sz\u00e1molva.<\/p>\n","protected":false},"featured_media":31218,"template":"","meta":[],"product_brand":[],"product_cat":[1172,1245],"product_tag":[1669,116,1332],"class_list":{"0":"post-27489","1":"product","2":"type-product","3":"status-publish","4":"has-post-thumbnail","6":"product_cat-magyarorszag","7":"product_cat-szerbia","8":"product_tag-3rd-auction","9":"product_tag-belyeg","10":"product_tag-helyi-kiadas","12":"first","13":"outofstock","14":"sold-individually","15":"shipping-taxable","16":"purchasable","17":"product-type-simple"},"_links":{"self":[{"href":"https:\/\/stampcurio.com\/hu\/wp-json\/wp\/v2\/product\/27489","targetHints":{"allow":["GET"]}}],"collection":[{"href":"https:\/\/stampcurio.com\/hu\/wp-json\/wp\/v2\/product"}],"about":[{"href":"https:\/\/stampcurio.com\/hu\/wp-json\/wp\/v2\/types\/product"}],"wp:featuredmedia":[{"embeddable":true,"href":"https:\/\/stampcurio.com\/hu\/wp-json\/wp\/v2\/media\/31218"}],"wp:attachment":[{"href":"https:\/\/stampcurio.com\/hu\/wp-json\/wp\/v2\/media?parent=27489"}],"wp:term":[{"taxonomy":"product_brand","embeddable":true,"href":"https:\/\/stampcurio.com\/hu\/wp-json\/wp\/v2\/product_brand?post=27489"},{"taxonomy":"product_cat","embeddable":true,"href":"https:\/\/stampcurio.com\/hu\/wp-json\/wp\/v2\/product_cat?post=27489"},{"taxonomy":"product_tag","embeddable":true,"href":"https:\/\/stampcurio.com\/hu\/wp-json\/wp\/v2\/product_tag?post=27489"}],"curies":[{"name":"wp","href":"https:\/\/api.w.org\/{rel}","templated":true}]}}