{"id":27488,"date":"2025-11-24T16:30:13","date_gmt":"2025-11-24T15:30:13","guid":{"rendered":"https:\/\/stampcurio.com\/product\/1921-magyarorszag-nyugat-magyarorszag-i-2-korona-postatiszta-forditott-felulnyomattal\/"},"modified":"2025-12-05T04:02:08","modified_gmt":"2025-12-05T03:02:08","slug":"1921-magyarorszag-nyugat-magyarorszag-i-sorozat-2-korona-erteke-forditott-felulnyomattal-postatiszta-pruf-bodor","status":"publish","type":"product","link":"https:\/\/stampcurio.com\/hu\/termek\/1921-magyarorszag-nyugat-magyarorszag-i-sorozat-2-korona-erteke-forditott-felulnyomattal-postatiszta-pruf-bodor\/","title":{"rendered":"1921 Magyarorsz\u00e1g &#8211; Nyugat-Magyarorsz\u00e1g I. sorozat 2 korona \u00e9rt\u00e9ke ford\u00edtott fel\u00fclnyomattal &#8211; postatiszta ** | Pr\u00fcf: Bodor"},"content":{"rendered":"","protected":false},"excerpt":{"rendered":"","protected":false},"featured_media":31204,"template":"","meta":[],"product_brand":[],"product_cat":[1178,1172],"product_tag":[1669,116,1332,217],"class_list":{"0":"post-27488","1":"product","2":"type-product","3":"status-publish","4":"has-post-thumbnail","6":"product_cat-ausztria","7":"product_cat-magyarorszag","8":"product_tag-3rd-auction","9":"product_tag-belyeg","10":"product_tag-helyi-kiadas","11":"product_tag-tevnyomat","13":"first","14":"outofstock","15":"sold-individually","16":"shipping-taxable","17":"purchasable","18":"product-type-simple"},"_links":{"self":[{"href":"https:\/\/stampcurio.com\/hu\/wp-json\/wp\/v2\/product\/27488","targetHints":{"allow":["GET"]}}],"collection":[{"href":"https:\/\/stampcurio.com\/hu\/wp-json\/wp\/v2\/product"}],"about":[{"href":"https:\/\/stampcurio.com\/hu\/wp-json\/wp\/v2\/types\/product"}],"wp:featuredmedia":[{"embeddable":true,"href":"https:\/\/stampcurio.com\/hu\/wp-json\/wp\/v2\/media\/31204"}],"wp:attachment":[{"href":"https:\/\/stampcurio.com\/hu\/wp-json\/wp\/v2\/media?parent=27488"}],"wp:term":[{"taxonomy":"product_brand","embeddable":true,"href":"https:\/\/stampcurio.com\/hu\/wp-json\/wp\/v2\/product_brand?post=27488"},{"taxonomy":"product_cat","embeddable":true,"href":"https:\/\/stampcurio.com\/hu\/wp-json\/wp\/v2\/product_cat?post=27488"},{"taxonomy":"product_tag","embeddable":true,"href":"https:\/\/stampcurio.com\/hu\/wp-json\/wp\/v2\/product_tag?post=27488"}],"curies":[{"name":"wp","href":"https:\/\/api.w.org\/{rel}","templated":true}]}}