{"id":27487,"date":"2025-11-24T16:30:13","date_gmt":"2025-11-24T15:30:13","guid":{"rendered":"https:\/\/stampcurio.com\/product\/1945-magyarorszag-kisegito-10-4-filler-postatiszta-szinhianyos-felulnyomas-tampeldany\/"},"modified":"2026-01-05T15:05:00","modified_gmt":"2026-01-05T14:05:00","slug":"1945-magyarorszag-kisegito-10-4-filler-postatiszta-szinhianyos-felulnyomassal-a-10-helyett-csak-0-latszik-tampeldany","status":"publish","type":"product","link":"https:\/\/stampcurio.com\/hu\/termek\/1945-magyarorszag-kisegito-10-4-filler-postatiszta-szinhianyos-felulnyomassal-a-10-helyett-csak-0-latszik-tampeldany\/","title":{"rendered":"1945 Magyarorsz\u00e1g &#8211; Kiseg\u00edt\u0151 10\/4 fill\u00e9r postatiszta * sz\u00ednhi\u00e1nyos fel\u00fclnyom\u00e1ssal a &#8220;10&#8221; helyett csak &#8220;0&#8221; l\u00e1tszik + t\u00e1mp\u00e9ld\u00e1ny"},"content":{"rendered":"","protected":false},"excerpt":{"rendered":"","protected":false},"featured_media":31222,"template":"","meta":[],"product_brand":[],"product_cat":[1172],"product_tag":[1669,116,217,1006],"class_list":{"0":"post-27487","1":"product","2":"type-product","3":"status-publish","4":"has-post-thumbnail","6":"product_cat-magyarorszag","7":"product_tag-3rd-auction","8":"product_tag-belyeg","9":"product_tag-tevnyomat","10":"product_tag-unsold","12":"first","13":"instock","14":"sold-individually","15":"shipping-taxable","16":"purchasable","17":"product-type-simple"},"_links":{"self":[{"href":"https:\/\/stampcurio.com\/hu\/wp-json\/wp\/v2\/product\/27487","targetHints":{"allow":["GET"]}}],"collection":[{"href":"https:\/\/stampcurio.com\/hu\/wp-json\/wp\/v2\/product"}],"about":[{"href":"https:\/\/stampcurio.com\/hu\/wp-json\/wp\/v2\/types\/product"}],"wp:featuredmedia":[{"embeddable":true,"href":"https:\/\/stampcurio.com\/hu\/wp-json\/wp\/v2\/media\/31222"}],"wp:attachment":[{"href":"https:\/\/stampcurio.com\/hu\/wp-json\/wp\/v2\/media?parent=27487"}],"wp:term":[{"taxonomy":"product_brand","embeddable":true,"href":"https:\/\/stampcurio.com\/hu\/wp-json\/wp\/v2\/product_brand?post=27487"},{"taxonomy":"product_cat","embeddable":true,"href":"https:\/\/stampcurio.com\/hu\/wp-json\/wp\/v2\/product_cat?post=27487"},{"taxonomy":"product_tag","embeddable":true,"href":"https:\/\/stampcurio.com\/hu\/wp-json\/wp\/v2\/product_tag?post=27487"}],"curies":[{"name":"wp","href":"https:\/\/api.w.org\/{rel}","templated":true}]}}