{"id":27486,"date":"2025-11-24T16:30:13","date_gmt":"2025-11-24T15:30:13","guid":{"rendered":"https:\/\/stampcurio.com\/product\/1894-magyarorszag-temesvarra-kuldott-8-kg-iii-tavolsagi-zonas-csomag-szallitolevel-takacs-kalman-urnak-a-temesvari-szinhazba-kuldve-3-krajcarral-alulbermentesitve\/"},"modified":"2026-01-07T14:14:39","modified_gmt":"2026-01-07T13:14:39","slug":"1894-magyarorszag-temesvarra-kuldott-ertekbiztositott-8-kg-sulyu-iii-tavolsagi-zonas-csomag-szallitolevele-takacs-kalman-urnak-a-temesvari-szinhazba-kezbesitve","status":"publish","type":"product","link":"https:\/\/stampcurio.com\/hu\/termek\/1894-magyarorszag-temesvarra-kuldott-ertekbiztositott-8-kg-sulyu-iii-tavolsagi-zonas-csomag-szallitolevele-takacs-kalman-urnak-a-temesvari-szinhazba-kezbesitve\/","title":{"rendered":"1894 Magyarorsz\u00e1g &#8211; Temesv\u00e1rra k\u00fcld\u00f6tt \u00e9rt\u00e9kbiztos\u00edtott 8 kg s\u00faly\u00fa III. t\u00e1vols\u00e1gi z\u00f3n\u00e1s csomag sz\u00e1ll\u00edt\u00f3levele. Tak\u00e1cs K\u00e1lm\u00e1n \u00farnak a temesv\u00e1ri sz\u00ednh\u00e1zba k\u00e9zbes\u00edtve."},"content":{"rendered":"","protected":false},"excerpt":{"rendered":"<p>A csomag 3 krajc\u00e1rral alulb\u00e9rmentes\u00edtve, de a t\u00e9ved\u00e9s \u00e9szrev\u00e9tlen maradt.<\/p>\n","protected":false},"featured_media":29102,"template":"","meta":[],"product_brand":[],"product_cat":[1172,1208],"product_tag":[1669,116,74,1041,89,157],"class_list":{"0":"post-27486","1":"product","2":"type-product","3":"status-publish","4":"has-post-thumbnail","6":"product_cat-magyarorszag","7":"product_cat-romania","8":"product_tag-3rd-auction","9":"product_tag-belyeg","10":"product_tag-dijjegyes","11":"product_tag-marcophily-hu","12":"product_tag-postatortenet","13":"product_tag-szallitolevel","15":"first","16":"outofstock","17":"sold-individually","18":"shipping-taxable","19":"purchasable","20":"product-type-simple"},"_links":{"self":[{"href":"https:\/\/stampcurio.com\/hu\/wp-json\/wp\/v2\/product\/27486","targetHints":{"allow":["GET"]}}],"collection":[{"href":"https:\/\/stampcurio.com\/hu\/wp-json\/wp\/v2\/product"}],"about":[{"href":"https:\/\/stampcurio.com\/hu\/wp-json\/wp\/v2\/types\/product"}],"wp:featuredmedia":[{"embeddable":true,"href":"https:\/\/stampcurio.com\/hu\/wp-json\/wp\/v2\/media\/29102"}],"wp:attachment":[{"href":"https:\/\/stampcurio.com\/hu\/wp-json\/wp\/v2\/media?parent=27486"}],"wp:term":[{"taxonomy":"product_brand","embeddable":true,"href":"https:\/\/stampcurio.com\/hu\/wp-json\/wp\/v2\/product_brand?post=27486"},{"taxonomy":"product_cat","embeddable":true,"href":"https:\/\/stampcurio.com\/hu\/wp-json\/wp\/v2\/product_cat?post=27486"},{"taxonomy":"product_tag","embeddable":true,"href":"https:\/\/stampcurio.com\/hu\/wp-json\/wp\/v2\/product_tag?post=27486"}],"curies":[{"name":"wp","href":"https:\/\/api.w.org\/{rel}","templated":true}]}}