{"id":27485,"date":"2025-11-24T16:30:12","date_gmt":"2025-11-24T15:30:12","guid":{"rendered":"https:\/\/stampcurio.com\/product\/1892-magyarorszag-temesvarra-kuldott-utanvetes-szallitolevel-6-kg-csomag-iii-tavolsagi-zona\/"},"modified":"2026-01-05T15:05:00","modified_gmt":"2026-01-05T14:05:00","slug":"1892-magyarorszag-budapestrol-temesvarra-iii-tavolsagi-zona-kuldott-6-kg-csomag-utanveteles-szallitolevele","status":"publish","type":"product","link":"https:\/\/stampcurio.com\/hu\/termek\/1892-magyarorszag-budapestrol-temesvarra-iii-tavolsagi-zona-kuldott-6-kg-csomag-utanveteles-szallitolevele\/","title":{"rendered":"1892 Magyarorsz\u00e1g &#8211; Budapestr\u0151l Temesv\u00e1rra (III. t\u00e1vols\u00e1gi z\u00f3na) k\u00fcld\u00f6tt 6 kg csomag ut\u00e1nv\u00e9teles sz\u00e1ll\u00edt\u00f3levele"},"content":{"rendered":"","protected":false},"excerpt":{"rendered":"","protected":false},"featured_media":29106,"template":"","meta":[],"product_brand":[],"product_cat":[1172],"product_tag":[1669,116,74,1041,89,157,1006],"class_list":{"0":"post-27485","1":"product","2":"type-product","3":"status-publish","4":"has-post-thumbnail","6":"product_cat-magyarorszag","7":"product_tag-3rd-auction","8":"product_tag-belyeg","9":"product_tag-dijjegyes","10":"product_tag-marcophily-hu","11":"product_tag-postatortenet","12":"product_tag-szallitolevel","13":"product_tag-unsold","15":"first","16":"instock","17":"sold-individually","18":"shipping-taxable","19":"purchasable","20":"product-type-simple"},"_links":{"self":[{"href":"https:\/\/stampcurio.com\/hu\/wp-json\/wp\/v2\/product\/27485","targetHints":{"allow":["GET"]}}],"collection":[{"href":"https:\/\/stampcurio.com\/hu\/wp-json\/wp\/v2\/product"}],"about":[{"href":"https:\/\/stampcurio.com\/hu\/wp-json\/wp\/v2\/types\/product"}],"wp:featuredmedia":[{"embeddable":true,"href":"https:\/\/stampcurio.com\/hu\/wp-json\/wp\/v2\/media\/29106"}],"wp:attachment":[{"href":"https:\/\/stampcurio.com\/hu\/wp-json\/wp\/v2\/media?parent=27485"}],"wp:term":[{"taxonomy":"product_brand","embeddable":true,"href":"https:\/\/stampcurio.com\/hu\/wp-json\/wp\/v2\/product_brand?post=27485"},{"taxonomy":"product_cat","embeddable":true,"href":"https:\/\/stampcurio.com\/hu\/wp-json\/wp\/v2\/product_cat?post=27485"},{"taxonomy":"product_tag","embeddable":true,"href":"https:\/\/stampcurio.com\/hu\/wp-json\/wp\/v2\/product_tag?post=27485"}],"curies":[{"name":"wp","href":"https:\/\/api.w.org\/{rel}","templated":true}]}}